{"id":48,"date":"2010-06-24T16:59:07","date_gmt":"2010-06-24T16:59:07","guid":{"rendered":"http:\/\/localhost.wt-new:8888\/"},"modified":"2023-07-03T01:45:57","modified_gmt":"2023-07-03T01:45:57","slug":"lesiones-personales","status":"publish","type":"page","link":"https:\/\/willistoews.com\/es\/lesiones-personales\/","title":{"rendered":"Lesiones Personales"},"content":{"rendered":"<p>La ley de lesiones personales, tambi\u00e9n es conocida como ley de responsabilidad civil, est\u00e1 dise\u00f1ada para protegerlo si usted o su propiedad se ha lesionado o da\u00f1ado debido a alg\u00fan otro acto u omisi\u00f3n. Una lesi\u00f3n personal o agravio demanda es una de las causas civiles (no penales) de la acci\u00f3n. El malhechor indemniza a la v\u00edctima con el dinero. Hay tres clasificaciones diferentes de da\u00f1os: la negligencia, responsabilidad objetiva, y agravios intencionales. El remedio en la mayor\u00eda de las demandas de agravio es el mismo: el pago de dinero por la parte demandada al demandante. A veces el remedio es una orden judicial env\u00e9s de da\u00f1os y perjuicios monetarios \u00a0(por ejemplo, si su vecino toca m\u00fasica muy fuerte, puede presentar una acci\u00f3n de molestia buscando un mandato para p\u00e1ralo). Todas las reclamaciones de responsabilidad civil, independientemente de su fundamento, ya sea por negligencia, responsabilidad estricta, o intencional, tiene dos temas b\u00e1sicos &#8211; la responsabilidad y da\u00f1os y perjuicios. Era la parte demandada responsable \u00a0por los da\u00f1os que usted sostuvo, y, en caso afirmativo, \u00bfcu\u00e1l es la naturaleza y el alcance de sus da\u00f1os? Si usted puede comprobar la responsabilidad y da\u00f1os y perjuicios, nuestro sistema de justicia se le conceder\u00e1 una indemnizaci\u00f3n por su p\u00e9rdida. Aun cuando se compruebe la responsabilidad, las partes en un juicio pueden argumentar en\u00e9rgicamente sobre la cantidad apropiada de da\u00f1os y perjuicios. Algunos tipos de da\u00f1os, como p\u00e9rdida de salarios y gastos m\u00e9dicos, son f\u00e1ciles de calcular. Pero mentes razonables pueden diferir en otro tipo de da\u00f1os, como las ganancias futuras de una persona y la manera de cuantificar el \u00abdolor y sufrimiento.\u00bb<\/p>\n<p>Si usted ha sufrido una lesi\u00f3n personal, usted podr\u00eda enfrentarse a muchas preguntas como las siguientes:<\/p>\n<ul>\n<li>\u00bfC\u00f3mo voy a pagar mis cuentas m\u00e9dicas?<\/li>\n<li>\u00bfC\u00f3mo puedo recuperar da\u00f1os y perjuicios por mi lesi\u00f3n?<\/li>\n<li>\u00bfQu\u00e9 pasa si pierdo el tiempo en el trabajo?<\/li>\n<li>\u00bfC\u00f3mo puedo pagar a un abogado cuando tengo tantos otros gastos relacionados con las lesiones?<\/li>\n<\/ul>\n<p>Willis &amp; Toews ofrece una consulta gratis para ayudar a responder estas preguntas. Tambi\u00e9n puede referirse a las Preguntas Frecuentes (FAQ) del men\u00fa en la parte que explica la terminolog\u00eda b\u00e1sica que usted se estar\u00e1 preguntando.<\/p>\n<p><a href=\"\/es\/contacto\/\">Haga click aqu\u00ed<\/a> para arreglar una consulta gratuita.<\/p>\n","protected":false},"excerpt":{"rendered":"<p>La ley de lesiones personales, tambi\u00e9n es conocida como ley de responsabilidad civil, est\u00e1 dise\u00f1ada para protegerlo si usted o su propiedad se ha lesionado o da\u00f1ado debido a alg\u00fan otro acto u omisi\u00f3n. Una lesi\u00f3n personal o agravio demanda es una de las causas civiles (no penales) de la acci\u00f3n. El malhechor indemniza a&#8230; <a class=\"more-link\" href=\"https:\/\/willistoews.com\/es\/lesiones-personales\/\">Read More<\/a><\/p>\n","protected":false},"author":3,"featured_media":0,"parent":0,"menu_order":2,"comment_status":"closed","ping_status":"open","template":"","meta":{"_acf_changed":false,"_genesis_hide_title":false,"_genesis_hide_breadcrumbs":false,"_genesis_hide_singular_image":false,"_genesis_hide_footer_widgets":false,"_genesis_custom_body_class":"","_genesis_custom_post_class":"","_genesis_layout":"","footnotes":""},"class_list":{"0":"post-48","1":"page","2":"type-page","3":"status-publish","5":"entry"},"acf":[],"yoast_head":"<!-- This site is optimized with the Yoast SEO plugin v27.4 - https:\/\/yoast.com\/product\/yoast-seo-wordpress\/ -->\n<title>Lesiones Personales | Walla Walla | Willis &amp; Toews<\/title>\n<meta name=\"description\" content=\"Si ha sufrido lesiones como resultado de las acciones o negligencia de otra persona, cont\u00e1ctenos hoy para una consulta con abogados expertos.\" \/>\n<meta name=\"robots\" content=\"index, follow, max-snippet:-1, max-image-preview:large, max-video-preview:-1\" \/>\n<link rel=\"canonical\" href=\"https:\/\/willistoews.com\/es\/lesiones-personales\/\" \/>\n<meta property=\"og:locale\" content=\"es_ES\" \/>\n<meta property=\"og:type\" content=\"article\" \/>\n<meta property=\"og:title\" content=\"Lesiones Personales | Walla Walla | Willis &amp; Toews\" \/>\n<meta property=\"og:description\" content=\"Si ha sufrido lesiones como resultado de las acciones o negligencia de otra persona, cont\u00e1ctenos hoy para una consulta con abogados expertos.\" \/>\n<meta property=\"og:url\" content=\"https:\/\/willistoews.com\/es\/lesiones-personales\/\" \/>\n<meta property=\"og:site_name\" content=\"Willis &amp; Toews, PLLC\" \/>\n<meta property=\"article:publisher\" content=\"https:\/\/www.facebook.com\/Willis-Toews-PLLC-126516410737233\/\" \/>\n<meta property=\"article:modified_time\" content=\"2023-07-03T01:45:57+00:00\" \/>\n<meta name=\"twitter:card\" content=\"summary_large_image\" \/>\n<meta name=\"twitter:label1\" content=\"Tiempo de lectura\" \/>\n\t<meta name=\"twitter:data1\" content=\"2 minutos\" \/>\n<script type=\"application\/ld+json\" class=\"yoast-schema-graph\">{\"@context\":\"https:\\\/\\\/schema.org\",\"@graph\":[{\"@type\":\"WebPage\",\"@id\":\"https:\\\/\\\/willistoews.com\\\/es\\\/lesiones-personales\\\/\",\"url\":\"https:\\\/\\\/willistoews.com\\\/es\\\/lesiones-personales\\\/\",\"name\":\"Lesiones Personales | Walla Walla | Willis & Toews\",\"isPartOf\":{\"@id\":\"https:\\\/\\\/willistoews.com\\\/es\\\/#website\"},\"datePublished\":\"2010-06-24T16:59:07+00:00\",\"dateModified\":\"2023-07-03T01:45:57+00:00\",\"description\":\"Si ha sufrido lesiones como resultado de las acciones o negligencia de otra persona, cont\u00e1ctenos hoy para una consulta con abogados expertos.\",\"breadcrumb\":{\"@id\":\"https:\\\/\\\/willistoews.com\\\/es\\\/lesiones-personales\\\/#breadcrumb\"},\"inLanguage\":\"es\",\"potentialAction\":[{\"@type\":\"ReadAction\",\"target\":[\"https:\\\/\\\/willistoews.com\\\/es\\\/lesiones-personales\\\/\"]}]},{\"@type\":\"BreadcrumbList\",\"@id\":\"https:\\\/\\\/willistoews.com\\\/es\\\/lesiones-personales\\\/#breadcrumb\",\"itemListElement\":[{\"@type\":\"ListItem\",\"position\":1,\"name\":\"Home\",\"item\":\"https:\\\/\\\/willistoews.com\\\/es\\\/\"},{\"@type\":\"ListItem\",\"position\":2,\"name\":\"Lesiones Personales\"}]},{\"@type\":\"WebSite\",\"@id\":\"https:\\\/\\\/willistoews.com\\\/es\\\/#website\",\"url\":\"https:\\\/\\\/willistoews.com\\\/es\\\/\",\"name\":\"Willis &amp; Toews, PLLC\",\"description\":\"Personal Injury Attorneys in Walla Walla, WA\",\"potentialAction\":[{\"@type\":\"SearchAction\",\"target\":{\"@type\":\"EntryPoint\",\"urlTemplate\":\"https:\\\/\\\/willistoews.com\\\/es\\\/?s={search_term_string}\"},\"query-input\":{\"@type\":\"PropertyValueSpecification\",\"valueRequired\":true,\"valueName\":\"search_term_string\"}}],\"inLanguage\":\"es\"}]}<\/script>\n<!-- \/ Yoast SEO plugin. -->","yoast_head_json":{"title":"Lesiones Personales | Walla Walla | Willis & Toews","description":"Si ha sufrido lesiones como resultado de las acciones o negligencia de otra persona, cont\u00e1ctenos hoy para una consulta con abogados expertos.","robots":{"index":"index","follow":"follow","max-snippet":"max-snippet:-1","max-image-preview":"max-image-preview:large","max-video-preview":"max-video-preview:-1"},"canonical":"https:\/\/willistoews.com\/es\/lesiones-personales\/","og_locale":"es_ES","og_type":"article","og_title":"Lesiones Personales | Walla Walla | Willis & Toews","og_description":"Si ha sufrido lesiones como resultado de las acciones o negligencia de otra persona, cont\u00e1ctenos hoy para una consulta con abogados expertos.","og_url":"https:\/\/willistoews.com\/es\/lesiones-personales\/","og_site_name":"Willis &amp; Toews, PLLC","article_publisher":"https:\/\/www.facebook.com\/Willis-Toews-PLLC-126516410737233\/","article_modified_time":"2023-07-03T01:45:57+00:00","twitter_card":"summary_large_image","twitter_misc":{"Tiempo de lectura":"2 minutos"},"schema":{"@context":"https:\/\/schema.org","@graph":[{"@type":"WebPage","@id":"https:\/\/willistoews.com\/es\/lesiones-personales\/","url":"https:\/\/willistoews.com\/es\/lesiones-personales\/","name":"Lesiones Personales | Walla Walla | Willis & Toews","isPartOf":{"@id":"https:\/\/willistoews.com\/es\/#website"},"datePublished":"2010-06-24T16:59:07+00:00","dateModified":"2023-07-03T01:45:57+00:00","description":"Si ha sufrido lesiones como resultado de las acciones o negligencia de otra persona, cont\u00e1ctenos hoy para una consulta con abogados expertos.","breadcrumb":{"@id":"https:\/\/willistoews.com\/es\/lesiones-personales\/#breadcrumb"},"inLanguage":"es","potentialAction":[{"@type":"ReadAction","target":["https:\/\/willistoews.com\/es\/lesiones-personales\/"]}]},{"@type":"BreadcrumbList","@id":"https:\/\/willistoews.com\/es\/lesiones-personales\/#breadcrumb","itemListElement":[{"@type":"ListItem","position":1,"name":"Home","item":"https:\/\/willistoews.com\/es\/"},{"@type":"ListItem","position":2,"name":"Lesiones Personales"}]},{"@type":"WebSite","@id":"https:\/\/willistoews.com\/es\/#website","url":"https:\/\/willistoews.com\/es\/","name":"Willis &amp; Toews, PLLC","description":"Personal Injury Attorneys in Walla Walla, WA","potentialAction":[{"@type":"SearchAction","target":{"@type":"EntryPoint","urlTemplate":"https:\/\/willistoews.com\/es\/?s={search_term_string}"},"query-input":{"@type":"PropertyValueSpecification","valueRequired":true,"valueName":"search_term_string"}}],"inLanguage":"es"}]}},"_links":{"self":[{"href":"https:\/\/willistoews.com\/es\/wp-json\/wp\/v2\/pages\/48","targetHints":{"allow":["GET"]}}],"collection":[{"href":"https:\/\/willistoews.com\/es\/wp-json\/wp\/v2\/pages"}],"about":[{"href":"https:\/\/willistoews.com\/es\/wp-json\/wp\/v2\/types\/page"}],"author":[{"embeddable":true,"href":"https:\/\/willistoews.com\/es\/wp-json\/wp\/v2\/users\/3"}],"replies":[{"embeddable":true,"href":"https:\/\/willistoews.com\/es\/wp-json\/wp\/v2\/comments?post=48"}],"version-history":[{"count":0,"href":"https:\/\/willistoews.com\/es\/wp-json\/wp\/v2\/pages\/48\/revisions"}],"wp:attachment":[{"href":"https:\/\/willistoews.com\/es\/wp-json\/wp\/v2\/media?parent=48"}],"curies":[{"name":"wp","href":"https:\/\/api.w.org\/{rel}","templated":true}]}}