{"id":302,"date":"2010-07-16T01:02:28","date_gmt":"2010-07-16T01:02:28","guid":{"rendered":"http:\/\/willistoews.webinetics.com\/"},"modified":"2023-07-03T01:55:10","modified_gmt":"2023-07-03T01:55:10","slug":"que-cubre","status":"publish","type":"page","link":"https:\/\/willistoews.com\/es\/lesiones-personales\/las-leyes-de-washington\/seguro-de-auto\/que-cubre\/","title":{"rendered":"\u00bfQu\u00e9 est\u00e1 cubierto por su seguro de autom\u00f3vil?"},"content":{"rendered":"<p><strong>Veh\u00edculos Reci\u00e9n Adquiridos:<\/strong><\/p>\n<p>Si usted compra un vehicul\u00f3 nuevo, por lo general deber\u00eda estar cubierto bajo su existente seguro de auto, siempre y cuando: (1) todos sus veh\u00edculos est\u00e9n asegurados bajo la misma compa\u00f1\u00eda, y (2) al igual agregue su vehicul\u00f3 a su p\u00f3liza dentro de 30 d\u00edas despu\u00e9s de la fecha de haberlo obtenido. Es entonces que usted\u00a0 tendr\u00e1 la misma cobertura(s) que el vehicul\u00f3(s) existente, con esto dicho es importante considerar agregar coberturas adicionales como cobertura de colisi\u00f3n, o aumentar sus l\u00edmites, para cuando cambie un carro viejo por uno m\u00e1s nuevo y valioso.<\/p>\n<p><strong>Veh\u00edculo de Sustituci\u00f3n Temporal:<\/strong><\/p>\n<p>Esta cobertura puede variar inmensamente. Generalmente, un vehicul\u00f3 que este temporariamente usando por razones como el fallo de su veh\u00edculo o su veh\u00edculo est\u00e1 pasando por mantenimiento, estar\u00e1 asegurado debajo de la p\u00f3liza de su auto. Un vehicul\u00f3 de alquiler, no siempre, va calificar como un vehicul\u00f3 de sustituci\u00f3n temporal. Aseg\u00farese de comprobar que p\u00f3liza y que cobertura aplica a un coche de alquiler. Tambi\u00e9n, recuerde que el vehicul\u00f3 que ha sido dotado para uso de su empleador casi nunca est\u00e1 cubierto bajo su p\u00f3liza personal, por eso siempre asegure que su empresa tenga cobertura en el autom\u00f3vil. Si usted regularmente maneja un vehicul\u00f3 de su empleador, aseg\u00farese de preguntar que mantengan cobertura UIM en el vehicul\u00f3, tenga en mente que si usted no es due\u00f1o de el carro de su empleador, la cobertura de UIM no lo cobrera. Si el empleador no tiene cobertura UIM en el vehicul\u00f3 de trabajo, p\u00eddales a su empresa que lo agreguen a la p\u00f3liza de seguro del auto. Usted t\u00edpicamente puede y deber\u00eda de comprar su propio endoso para agregar a la cobertura de UIM a un vehicul\u00f3 que no le pertenezca a usted, si su empleador no puede provenir la cobertura de UIM.<\/p>\n","protected":false},"excerpt":{"rendered":"<p>Veh\u00edculos Reci\u00e9n Adquiridos: Si usted compra un vehicul\u00f3 nuevo, por lo general deber\u00eda estar cubierto bajo su existente seguro de auto, siempre y cuando: (1) todos sus veh\u00edculos est\u00e9n asegurados bajo la misma compa\u00f1\u00eda, y (2) al igual agregue su vehicul\u00f3 a su p\u00f3liza dentro de 30 d\u00edas despu\u00e9s de la fecha de haberlo obtenido&#8230;. <a class=\"more-link\" href=\"https:\/\/willistoews.com\/es\/lesiones-personales\/las-leyes-de-washington\/seguro-de-auto\/que-cubre\/\">Read More<\/a><\/p>\n","protected":false},"author":3,"featured_media":0,"parent":286,"menu_order":2,"comment_status":"closed","ping_status":"closed","template":"","meta":{"_acf_changed":false,"_genesis_hide_title":false,"_genesis_hide_breadcrumbs":false,"_genesis_hide_singular_image":false,"_genesis_hide_footer_widgets":false,"_genesis_custom_body_class":"","_genesis_custom_post_class":"","_genesis_layout":"","footnotes":""},"class_list":{"0":"post-302","1":"page","2":"type-page","3":"status-publish","5":"entry"},"acf":[],"yoast_head":"<!-- This site is optimized with the Yoast SEO plugin v27.4 - https:\/\/yoast.com\/product\/yoast-seo-wordpress\/ -->\n<title>\u00bfQu\u00e9 cubre? | Auto seguros Abogados | Willis &amp; Toews<\/title>\n<meta name=\"description\" content=\"Si compra un veh\u00edculo nuevo, generalmente debe estar cubierto por su seguro de autom\u00f3vil actual, siempre que se cumplan ciertas pautas.\" \/>\n<meta name=\"robots\" content=\"index, follow, max-snippet:-1, max-image-preview:large, max-video-preview:-1\" \/>\n<link rel=\"canonical\" href=\"https:\/\/willistoews.com\/es\/lesiones-personales\/las-leyes-de-washington\/seguro-de-auto\/que-cubre\/\" \/>\n<meta property=\"og:locale\" content=\"es_ES\" \/>\n<meta property=\"og:type\" content=\"article\" \/>\n<meta property=\"og:title\" content=\"\u00bfQu\u00e9 cubre? | Auto seguros Abogados | Willis &amp; Toews\" \/>\n<meta property=\"og:description\" content=\"Si compra un veh\u00edculo nuevo, generalmente debe estar cubierto por su seguro de autom\u00f3vil actual, siempre que se cumplan ciertas pautas.\" \/>\n<meta property=\"og:url\" content=\"https:\/\/willistoews.com\/es\/lesiones-personales\/las-leyes-de-washington\/seguro-de-auto\/que-cubre\/\" \/>\n<meta property=\"og:site_name\" content=\"Willis &amp; Toews, PLLC\" \/>\n<meta property=\"article:publisher\" content=\"https:\/\/www.facebook.com\/Willis-Toews-PLLC-126516410737233\/\" \/>\n<meta property=\"article:modified_time\" content=\"2023-07-03T01:55:10+00:00\" \/>\n<meta name=\"twitter:card\" content=\"summary_large_image\" \/>\n<meta name=\"twitter:label1\" content=\"Tiempo de lectura\" \/>\n\t<meta name=\"twitter:data1\" content=\"2 minutos\" \/>\n<script type=\"application\/ld+json\" class=\"yoast-schema-graph\">{\"@context\":\"https:\\\/\\\/schema.org\",\"@graph\":[{\"@type\":\"WebPage\",\"@id\":\"https:\\\/\\\/willistoews.com\\\/es\\\/lesiones-personales\\\/las-leyes-de-washington\\\/seguro-de-auto\\\/que-cubre\\\/\",\"url\":\"https:\\\/\\\/willistoews.com\\\/es\\\/lesiones-personales\\\/las-leyes-de-washington\\\/seguro-de-auto\\\/que-cubre\\\/\",\"name\":\"\u00bfQu\u00e9 cubre? | Auto seguros Abogados | Willis & Toews\",\"isPartOf\":{\"@id\":\"https:\\\/\\\/willistoews.com\\\/es\\\/#website\"},\"datePublished\":\"2010-07-16T01:02:28+00:00\",\"dateModified\":\"2023-07-03T01:55:10+00:00\",\"description\":\"Si compra un veh\u00edculo nuevo, generalmente debe estar cubierto por su seguro de autom\u00f3vil actual, siempre que se cumplan ciertas pautas.\",\"breadcrumb\":{\"@id\":\"https:\\\/\\\/willistoews.com\\\/es\\\/lesiones-personales\\\/las-leyes-de-washington\\\/seguro-de-auto\\\/que-cubre\\\/#breadcrumb\"},\"inLanguage\":\"es\",\"potentialAction\":[{\"@type\":\"ReadAction\",\"target\":[\"https:\\\/\\\/willistoews.com\\\/es\\\/lesiones-personales\\\/las-leyes-de-washington\\\/seguro-de-auto\\\/que-cubre\\\/\"]}]},{\"@type\":\"BreadcrumbList\",\"@id\":\"https:\\\/\\\/willistoews.com\\\/es\\\/lesiones-personales\\\/las-leyes-de-washington\\\/seguro-de-auto\\\/que-cubre\\\/#breadcrumb\",\"itemListElement\":[{\"@type\":\"ListItem\",\"position\":1,\"name\":\"Home\",\"item\":\"https:\\\/\\\/willistoews.com\\\/es\\\/\"},{\"@type\":\"ListItem\",\"position\":2,\"name\":\"Lesiones Personales\",\"item\":\"https:\\\/\\\/willistoews.com\\\/es\\\/lesiones-personales\\\/\"},{\"@type\":\"ListItem\",\"position\":3,\"name\":\"Washington Abogados de Lesiones Personales\",\"item\":\"https:\\\/\\\/willistoews.com\\\/es\\\/lesiones-personales\\\/las-leyes-de-washington\\\/\"},{\"@type\":\"ListItem\",\"position\":4,\"name\":\"Seguro de Auto en Washington\",\"item\":\"https:\\\/\\\/willistoews.com\\\/es\\\/lesiones-personales\\\/las-leyes-de-washington\\\/seguro-de-auto\\\/\"},{\"@type\":\"ListItem\",\"position\":5,\"name\":\"\u00bfQu\u00e9 est\u00e1 cubierto por su seguro de autom\u00f3vil?\"}]},{\"@type\":\"WebSite\",\"@id\":\"https:\\\/\\\/willistoews.com\\\/es\\\/#website\",\"url\":\"https:\\\/\\\/willistoews.com\\\/es\\\/\",\"name\":\"Willis &amp; Toews, PLLC\",\"description\":\"Personal Injury Attorneys in Walla Walla, WA\",\"potentialAction\":[{\"@type\":\"SearchAction\",\"target\":{\"@type\":\"EntryPoint\",\"urlTemplate\":\"https:\\\/\\\/willistoews.com\\\/es\\\/?s={search_term_string}\"},\"query-input\":{\"@type\":\"PropertyValueSpecification\",\"valueRequired\":true,\"valueName\":\"search_term_string\"}}],\"inLanguage\":\"es\"}]}<\/script>\n<!-- \/ Yoast SEO plugin. -->","yoast_head_json":{"title":"\u00bfQu\u00e9 cubre? | Auto seguros Abogados | Willis & Toews","description":"Si compra un veh\u00edculo nuevo, generalmente debe estar cubierto por su seguro de autom\u00f3vil actual, siempre que se cumplan ciertas pautas.","robots":{"index":"index","follow":"follow","max-snippet":"max-snippet:-1","max-image-preview":"max-image-preview:large","max-video-preview":"max-video-preview:-1"},"canonical":"https:\/\/willistoews.com\/es\/lesiones-personales\/las-leyes-de-washington\/seguro-de-auto\/que-cubre\/","og_locale":"es_ES","og_type":"article","og_title":"\u00bfQu\u00e9 cubre? | Auto seguros Abogados | Willis & Toews","og_description":"Si compra un veh\u00edculo nuevo, generalmente debe estar cubierto por su seguro de autom\u00f3vil actual, siempre que se cumplan ciertas pautas.","og_url":"https:\/\/willistoews.com\/es\/lesiones-personales\/las-leyes-de-washington\/seguro-de-auto\/que-cubre\/","og_site_name":"Willis &amp; Toews, PLLC","article_publisher":"https:\/\/www.facebook.com\/Willis-Toews-PLLC-126516410737233\/","article_modified_time":"2023-07-03T01:55:10+00:00","twitter_card":"summary_large_image","twitter_misc":{"Tiempo de lectura":"2 minutos"},"schema":{"@context":"https:\/\/schema.org","@graph":[{"@type":"WebPage","@id":"https:\/\/willistoews.com\/es\/lesiones-personales\/las-leyes-de-washington\/seguro-de-auto\/que-cubre\/","url":"https:\/\/willistoews.com\/es\/lesiones-personales\/las-leyes-de-washington\/seguro-de-auto\/que-cubre\/","name":"\u00bfQu\u00e9 cubre? | Auto seguros Abogados | Willis & Toews","isPartOf":{"@id":"https:\/\/willistoews.com\/es\/#website"},"datePublished":"2010-07-16T01:02:28+00:00","dateModified":"2023-07-03T01:55:10+00:00","description":"Si compra un veh\u00edculo nuevo, generalmente debe estar cubierto por su seguro de autom\u00f3vil actual, siempre que se cumplan ciertas pautas.","breadcrumb":{"@id":"https:\/\/willistoews.com\/es\/lesiones-personales\/las-leyes-de-washington\/seguro-de-auto\/que-cubre\/#breadcrumb"},"inLanguage":"es","potentialAction":[{"@type":"ReadAction","target":["https:\/\/willistoews.com\/es\/lesiones-personales\/las-leyes-de-washington\/seguro-de-auto\/que-cubre\/"]}]},{"@type":"BreadcrumbList","@id":"https:\/\/willistoews.com\/es\/lesiones-personales\/las-leyes-de-washington\/seguro-de-auto\/que-cubre\/#breadcrumb","itemListElement":[{"@type":"ListItem","position":1,"name":"Home","item":"https:\/\/willistoews.com\/es\/"},{"@type":"ListItem","position":2,"name":"Lesiones Personales","item":"https:\/\/willistoews.com\/es\/lesiones-personales\/"},{"@type":"ListItem","position":3,"name":"Washington Abogados de Lesiones Personales","item":"https:\/\/willistoews.com\/es\/lesiones-personales\/las-leyes-de-washington\/"},{"@type":"ListItem","position":4,"name":"Seguro de Auto en Washington","item":"https:\/\/willistoews.com\/es\/lesiones-personales\/las-leyes-de-washington\/seguro-de-auto\/"},{"@type":"ListItem","position":5,"name":"\u00bfQu\u00e9 est\u00e1 cubierto por su seguro de autom\u00f3vil?"}]},{"@type":"WebSite","@id":"https:\/\/willistoews.com\/es\/#website","url":"https:\/\/willistoews.com\/es\/","name":"Willis &amp; Toews, PLLC","description":"Personal Injury Attorneys in Walla Walla, WA","potentialAction":[{"@type":"SearchAction","target":{"@type":"EntryPoint","urlTemplate":"https:\/\/willistoews.com\/es\/?s={search_term_string}"},"query-input":{"@type":"PropertyValueSpecification","valueRequired":true,"valueName":"search_term_string"}}],"inLanguage":"es"}]}},"_links":{"self":[{"href":"https:\/\/willistoews.com\/es\/wp-json\/wp\/v2\/pages\/302","targetHints":{"allow":["GET"]}}],"collection":[{"href":"https:\/\/willistoews.com\/es\/wp-json\/wp\/v2\/pages"}],"about":[{"href":"https:\/\/willistoews.com\/es\/wp-json\/wp\/v2\/types\/page"}],"author":[{"embeddable":true,"href":"https:\/\/willistoews.com\/es\/wp-json\/wp\/v2\/users\/3"}],"replies":[{"embeddable":true,"href":"https:\/\/willistoews.com\/es\/wp-json\/wp\/v2\/comments?post=302"}],"version-history":[{"count":0,"href":"https:\/\/willistoews.com\/es\/wp-json\/wp\/v2\/pages\/302\/revisions"}],"up":[{"embeddable":true,"href":"https:\/\/willistoews.com\/es\/wp-json\/wp\/v2\/pages\/286"}],"wp:attachment":[{"href":"https:\/\/willistoews.com\/es\/wp-json\/wp\/v2\/media?parent=302"}],"curies":[{"name":"wp","href":"https:\/\/api.w.org\/{rel}","templated":true}]}}