{"id":291,"date":"2010-07-15T18:02:08","date_gmt":"2010-07-15T18:02:08","guid":{"rendered":"http:\/\/willistoews.webinetics.com\/"},"modified":"2023-07-03T01:52:05","modified_gmt":"2023-07-03T01:52:05","slug":"cobertura-de-tipos-y-limites","status":"publish","type":"page","link":"https:\/\/willistoews.com\/es\/lesiones-personales\/las-leyes-de-washington\/seguro-de-auto\/cobertura-de-tipos-y-limites\/","title":{"rendered":"Tipos y Limites de Cobertura"},"content":{"rendered":"<h2>Tipos y Limites de Cobertura<\/h2>\n<p><span style=\"color: #000000;\"><strong>Cobertura de Responsabilidad Civil<\/strong><\/span><\/p>\n<p>Cobertura de Responsabilidad Civil protege a usted o a otro conductor asegurado en su p\u00f3liza si alguno de ustedes se encuentra legalmente responsable de pagar por lesiones de otra persona, da\u00f1os o p\u00e9rdidas derivados de un accidente. Esta cobertura pagar\u00e1 los da\u00f1os de lesiones corporales y da\u00f1os materiales. Lesi\u00f3n corporal se define ampliamente para incluir la enfermedad, lesi\u00f3n o muerte de otra persona. Esto t\u00edpicamente incluye p\u00e9rdidas econ\u00f3micas tales como, fracturas m\u00e9dicas y la p\u00e9rdida del salario, igual las perdidas no-econ\u00f3micas como dolor y sufrimiento, previsto estas p\u00e9rdidas derivadas de lesiones corporales. Da\u00f1os de propiedad cubren p\u00e9rdidas financieras derivadas de los da\u00f1os, destrucci\u00f3n o p\u00e9rdida del uso de la propiedad de otra persona. Dado que la cobertura de responsabilidad protege a usted y a sus bienes personales, es una de las coberturas m\u00e1s importantes que usted puede comprar. La ley de Washington s\u00f3lo requiere que usted tenga l\u00edmites m\u00ednimos de responsabilidad de lesiones corporales de $25,000 por persona\/$50,000 por accidente. Lo m\u00e1s bajo el \u201cpor persona\u201d limite es la cantidad m\u00e1xima de cobertura disponible para una sola persona lesionada por un accidente. Cuanto m\u00e1s alto\u00a0 el \u00abpor accidente\u00bb l\u00edmite es la cantidad m\u00e1xima total de cobertura que la aseguradora pagar\u00e1 cuando m\u00e1s de una persona esta lesionada en el mismo accidente. Sin embargo, no importa cu\u00e1ntas personas est\u00e1n heridas o la gravedad de las lesiones, el l\u00edmite por accidentes es la m\u00e1xima cantidad de cobertura disponible para usted. Estos l\u00edmites m\u00ednimos suelen ser insuficientes para cubrir los da\u00f1os causados por un accidente grave, especialmente con los costos m\u00e9dicos subiendo por las nubes. Si los l\u00edmites de su seguro de responsabilidad civil no son suficiente, la persona perjudicada puede venir en pos de sus bienes personales. Para su propia protecci\u00f3n, por lo tanto deber\u00eda comprar la mayor cobertura de l\u00edmites de responsabilidad que puede pagar. Comprando l\u00edmites de alta responsabilidad tambi\u00e9n es importante porque estos l\u00edmites tambi\u00e9n determinar\u00e1n la cantidad de cobertura de motorista con seguro insuficiente (UIM) a su disposici\u00f3n. Usted deber\u00eda de comprar la cobertura m\u00e1s alta \u201cpor persona\u201d\u00a0 que usted pueda permitirse y esa cantidad de cobertura deber\u00eda ser la misma cobertura que el l\u00edmite por accidente. Esto se conoce como la p\u00f3liza \u201cl\u00edmite \u00fanico\u00bb. Bajo esta p\u00f3liza, una persona cualquiera puede recuperar hasta los l\u00edmites, y este mismo l\u00edmite ser\u00e1 el m\u00e1ximo que el asegurador pagar\u00e1 si m\u00e1s de una persona resulta lesionada en un accidente. Una p\u00f3liza de l\u00edmites individuales por lo tanto te ofrece m\u00e1s protecci\u00f3n que la divisi\u00f3n entre \u00abpor persona\u00bb \/ \u00abpor accidente\u00bb p\u00f3liza de pasivos. Si usted puede permit\u00edrselo, deber\u00eda comprar por lo menos $500,000 de l\u00edmites de cobertura \u00fanica. Usted deber\u00eda tener cobertura de responsabilidad civil de da\u00f1os a la propiedad de al menos $50,000 o $100,000 de preferencia. Si usted ha tenido otros accidentes, sin embargo, o tiene un r\u00e9cord de manejo mal, no puede ser capaz de adquirir una cobertura superior a los l\u00edmites m\u00ednimos exigidos por la ley estatal.<\/p>\n<p><strong>Protecci\u00f3n contra lesiones personales (PIP):<\/strong><\/p>\n<p>PIP paga los gastos m\u00e9dicos y p\u00e9rdida de ingresos para usted y los dem\u00e1s pasajeros en su veh\u00edculo, sin importar qui\u00e9n caus\u00f3 el accidente. Tambi\u00e9n cubre los peatones y ciclistas que resultan heridos en un accidente con usted. Aunque no est\u00e9 obligado a comprar la cobertura de PIP, no nomas recomendamos hacerlo si no tambi\u00e9n comprar la cantidad m\u00e1xima de cobertura de PIP disponible.<\/p>\n<p>Cobertura de PIP prev\u00e9 el pago de los gastos m\u00e9dicos, p\u00e9rdida de beneficios salariales, gastos de entierro y otros servicios como la asistencia domiciliaria de enfermer\u00eda y el servicio dom\u00e9stico durante la recuperaci\u00f3n de una lesi\u00f3n. A diferencia del seguro de salud, no hay deducible o pago por visita fuera de su bolsillo. Siempre y cuando la carga es razonable, necesaria y relacionada al accidente, PIP debe pagar el 100% de la factura m\u00e9dica. Incluso si tiene seguro m\u00e9dico, todav\u00eda se recomienda que usted compre la cobertura de PIP en su p\u00f3liza de autom\u00f3vil. PIP beneficios est\u00e1n limitados por un monto m\u00e1ximo en d\u00f3lares y por un per\u00edodo espec\u00edfico de tiempo, dependiendo en lo que ocurra primero. La ley estatal requiere que la cobertura de PIP se ofrezca y que cumpla con ciertos requisitos m\u00ednimos. Usted tendr\u00e1 autom\u00e1ticamente la cobertura de PIP en las cantidades m\u00ednimas indicadas a continuaci\u00f3n, a menos que usted (o su c\u00f3nyuge en una p\u00f3liza conjunta) rechacen esto en escritura. Por gastos m\u00e9dicos, la cobertura m\u00ednima es de $10,000 para las facturas que se incurran en tres a\u00f1os del accidente. Gastos funerarios hasta $2,000 deben ser cubiertos, y hasta $10,000 para los beneficios salariales perdidos a un a\u00f1o despu\u00e9s del accidente (con un periodo de 14-d\u00edas de espera), tambi\u00e9n deben ser ofrecidos. Beneficios para los servicios como la asistencia domiciliaria de enfermer\u00eda y trabajo dom\u00e9stico &#8211; conocido como \u00abservicios esenciales\u00bb &#8211; debe estar disponible para un m\u00ednimo de $5,000. <a href=\"http:\/\/apps.leg.wa.gov\/rcw\/default.aspx?cite=48.22.095\" target=\"_blank\" rel=\"nofollow noopener noreferrer\">RCW 48.22.095<\/a>.<\/p>\n<p>Las compa\u00f1\u00edas de seguros, a su solicitud, tambi\u00e9n est\u00e1n obligadas a ofrecer una mayor cobertura de PIP &#8211; a un costo adicional &#8211; para el pago de los gastos m\u00e9dicos hasta $35,000, y por la p\u00e9rdida de los servicios de hasta $40 por d\u00eda durante lo m\u00e1ximo de un a\u00f1o desde la fecha del accidente. <a href=\"http:\/\/apps.leg.wa.gov\/rcw\/default.aspx?cite=48.22.100\" target=\"_blank\" rel=\"nofollow noopener noreferrer\">RCW 48.22.100<\/a>.<\/p>\n<p>A pesar de la tendencia hacia la cobertura de PIP siendo m\u00e1s disponibles, muchas compa\u00f1\u00edas de seguros son cada vez m\u00e1s agresivas en la restricci\u00f3n de pagos para el tratamiento que consideran \u00abinjustificado\u00bb o \u00abinnecesarios\u00bb. Por ejemplo, las compa\u00f1\u00edas de seguro est\u00e1n cada vez m\u00e1s probable al intento de cortar los pagos de PIP antes de un a\u00f1o cuando la atenci\u00f3n quiropr\u00e1ctica se tratara. Normalmente esto es hecho a la demanda que ellos requieren que atienda a un \u00abexamen de m\u00e9dico independiente\u00bb (IME) con un m\u00e9dico elegido por la aseguradora. Si usted se niega a asistir a un examen de tales, sus beneficios de PIP probablemente se suspenderan o ser\u00e1n terminados. Usted deber\u00eda de hablar inmediatamente con un abogado si su compa\u00f1\u00eda de seguros intenta a restringir cobertura de PIP a consecuencia de un accidente, o demande que usted asista a un IME.<\/p>\n<p><strong>La cobertura de Motorista con Seguro Insuficiente (UIM):<\/strong><\/p>\n<p>Sin embargo, a pesar de que el seguro de auto es obligatorio en el estado de Washington, muchas personas conducen sin seguro o sin el seguro adecuado para compensar plenamente a una persona lesionada. Como se se\u00f1al\u00f3 anteriormente, las leyes de seguro obligatorias requieren cobertura de responsabilidad civil de s\u00f3lo $25,000 por persona \/ $50,000 por accidente, que dado el aumento de los gastos m\u00e9dicos es insuficiente para cubrir los da\u00f1os causados por un accidente grave.<\/p>\n<p>Motoristas con cobertura de seguro insuficiente (UIM) cubre a usted, a los miembros de su familia y a las otras personas viajando en el coche contra los da\u00f1os causados por un conductor sin seguro o con seguro insuficiente, hasta el monto de cobertura de UIM comprado. Esta cobertura tambi\u00e9n se extiende a usted o a alg\u00fan miembro de su hogar que puede ser lesionado por un motorista con seguro insuficiente\/no-asegurado, mientras que usted es un peat\u00f3n o ande en bicicleta.<\/p>\n<p>Por eso es importante obtener su propia cobertura de UIM, si usted sufre una lesi\u00f3n o perjuicio causado por un conductor que no tiene seguro o con seguro insuficiente. Cobertura UIM es considerada tan importante que la ley requiere que las compa\u00f1\u00edas de seguros ofrezcan UIM a todos los clientes. <a href=\"http:\/\/apps.leg.wa.gov\/rcw\/default.aspx?cite=48.22.030\" target=\"_blank\" rel=\"nofollow noopener noreferrer\">RCW 48.22.030<\/a>. La cantidad de cobertura UIM ofrecida deber\u00eda ser la misma cantidad que su cobertura de responsabilidad civil a menos que haga una solicitud en escritura para una menor cobertura. Una vez m\u00e1s, la cobertura UIM existir\u00e1 por la ley a menos que fuera rechazada por usted (o su c\u00f3nyuge en p\u00f3lizas conjuntas) en escritura.<\/p>\n<p>Al igual que con la cobertura de PIP, UIM es una cobertura muy barata que deberia ser comprada. Usted no deber\u00eda de renunciar a esta cobertura o reducirla por debajo de su cobertura de responsabilidad civil si quiere simplemente ahorrar en su p\u00f3liza. Considere pagar deducibles m\u00e1s altos, o incluso deserci\u00f3n de colisi\u00f3n o en vez una cobertura completa. La verdad es que hoy en d\u00eda hay muchos automovilistas manejando sin seguro o con seguro insuficiente. Usted tambi\u00e9n puede comprar UIM-da\u00f1os a la propiedad, para pagar por los da\u00f1os de su veh\u00edculo causado por un motorista sin seguro o con seguro insuficiente. No necesitar\u00e1 un l\u00edmite de cobertura superior al valor de su veh\u00edculo. Esto se superpone con la cobertura de colisi\u00f3n, ya que las dos cubren da\u00f1os a su veh\u00edculo, pero puede haber diferentes cantidades de deducibles.<\/p>\n<p><strong>Comprensiva \u00a0(o \u201cDistintos de Colisiones):<\/strong><\/p>\n<p>Esta cobertura protege a su veh\u00edculo por los da\u00f1os causados por fuegos, robo, vandalismo, el clima, rotura de vidrio o contacto con un animal. Note, que aunque esta cobertura no cubre materiales \u201cportables\u201d como cintas de casetes, discos compactos, objetos personales como (ipods, etc.), reproductor de discos compactos o celulares. Cobertura para estos objetos pueden t\u00edpicamente ser agregados con endoso especifico. La recomendada deducible para la cobertura comprensiva es de $100- $500 d\u00f3lares.<\/p>\n<p>Otras opciones de seguros:<\/p>\n<p>Otras coberturas que t\u00edpicamente se ofrecen incluyen, el remolque de un carro o el alquiler de coches. Por un costo peque\u00f1o, estos beneficios usualmente valen la pena tener en su p\u00f3liza, como los costos de un remolque y alquiler de carros pueden ser sustanciales si usted fue chocado por un conductor que\u00a0 no tenga seguro y al igual no tenga otra opci\u00f3n para obtener cobertura por estas cosas.<\/p>\n","protected":false},"excerpt":{"rendered":"<p>Tipos y Limites de Cobertura Cobertura de Responsabilidad Civil Cobertura de Responsabilidad Civil protege a usted o a otro conductor asegurado en su p\u00f3liza si alguno de ustedes se encuentra legalmente responsable de pagar por lesiones de otra persona, da\u00f1os o p\u00e9rdidas derivados de un accidente. Esta cobertura pagar\u00e1 los da\u00f1os de lesiones corporales y&#8230; <a class=\"more-link\" href=\"https:\/\/willistoews.com\/es\/lesiones-personales\/las-leyes-de-washington\/seguro-de-auto\/cobertura-de-tipos-y-limites\/\">Read More<\/a><\/p>\n","protected":false},"author":3,"featured_media":0,"parent":286,"menu_order":0,"comment_status":"closed","ping_status":"closed","template":"","meta":{"_acf_changed":false,"_genesis_hide_title":false,"_genesis_hide_breadcrumbs":false,"_genesis_hide_singular_image":false,"_genesis_hide_footer_widgets":false,"_genesis_custom_body_class":"","_genesis_custom_post_class":"","_genesis_layout":"","footnotes":""},"class_list":{"0":"post-291","1":"page","2":"type-page","3":"status-publish","5":"entry"},"acf":[],"yoast_head":"<!-- This site is optimized with the Yoast SEO plugin v27.4 - https:\/\/yoast.com\/product\/yoast-seo-wordpress\/ -->\n<title>Tipos y Limites de Cobertura | Willis &amp; Toews<\/title>\n<meta name=\"description\" content=\"La cobertura de responsabilidad civil lo protege si alguna vez se encuentra en una posici\u00f3n en la que debe pagar por las lesiones de otra persona.\" \/>\n<meta name=\"robots\" content=\"index, follow, max-snippet:-1, max-image-preview:large, max-video-preview:-1\" \/>\n<link rel=\"canonical\" href=\"https:\/\/willistoews.com\/es\/lesiones-personales\/las-leyes-de-washington\/seguro-de-auto\/cobertura-de-tipos-y-limites\/\" \/>\n<meta property=\"og:locale\" content=\"es_ES\" \/>\n<meta property=\"og:type\" content=\"article\" \/>\n<meta property=\"og:title\" content=\"Tipos y Limites de Cobertura | Willis &amp; Toews\" \/>\n<meta property=\"og:description\" content=\"La cobertura de responsabilidad civil lo protege si alguna vez se encuentra en una posici\u00f3n en la que debe pagar por las lesiones de otra persona.\" \/>\n<meta property=\"og:url\" content=\"https:\/\/willistoews.com\/es\/lesiones-personales\/las-leyes-de-washington\/seguro-de-auto\/cobertura-de-tipos-y-limites\/\" \/>\n<meta property=\"og:site_name\" content=\"Willis &amp; Toews, PLLC\" \/>\n<meta property=\"article:publisher\" content=\"https:\/\/www.facebook.com\/Willis-Toews-PLLC-126516410737233\/\" \/>\n<meta property=\"article:modified_time\" content=\"2023-07-03T01:52:05+00:00\" \/>\n<meta name=\"twitter:card\" content=\"summary_large_image\" \/>\n<meta name=\"twitter:label1\" content=\"Tiempo de lectura\" \/>\n\t<meta name=\"twitter:data1\" content=\"9 minutos\" \/>\n<script type=\"application\/ld+json\" class=\"yoast-schema-graph\">{\"@context\":\"https:\\\/\\\/schema.org\",\"@graph\":[{\"@type\":\"WebPage\",\"@id\":\"https:\\\/\\\/willistoews.com\\\/es\\\/lesiones-personales\\\/las-leyes-de-washington\\\/seguro-de-auto\\\/cobertura-de-tipos-y-limites\\\/\",\"url\":\"https:\\\/\\\/willistoews.com\\\/es\\\/lesiones-personales\\\/las-leyes-de-washington\\\/seguro-de-auto\\\/cobertura-de-tipos-y-limites\\\/\",\"name\":\"Tipos y Limites de Cobertura | Willis & Toews\",\"isPartOf\":{\"@id\":\"https:\\\/\\\/willistoews.com\\\/es\\\/#website\"},\"datePublished\":\"2010-07-15T18:02:08+00:00\",\"dateModified\":\"2023-07-03T01:52:05+00:00\",\"description\":\"La cobertura de responsabilidad civil lo protege si alguna vez se encuentra en una posici\u00f3n en la que debe pagar por las lesiones de otra persona.\",\"breadcrumb\":{\"@id\":\"https:\\\/\\\/willistoews.com\\\/es\\\/lesiones-personales\\\/las-leyes-de-washington\\\/seguro-de-auto\\\/cobertura-de-tipos-y-limites\\\/#breadcrumb\"},\"inLanguage\":\"es\",\"potentialAction\":[{\"@type\":\"ReadAction\",\"target\":[\"https:\\\/\\\/willistoews.com\\\/es\\\/lesiones-personales\\\/las-leyes-de-washington\\\/seguro-de-auto\\\/cobertura-de-tipos-y-limites\\\/\"]}]},{\"@type\":\"BreadcrumbList\",\"@id\":\"https:\\\/\\\/willistoews.com\\\/es\\\/lesiones-personales\\\/las-leyes-de-washington\\\/seguro-de-auto\\\/cobertura-de-tipos-y-limites\\\/#breadcrumb\",\"itemListElement\":[{\"@type\":\"ListItem\",\"position\":1,\"name\":\"Home\",\"item\":\"https:\\\/\\\/willistoews.com\\\/es\\\/\"},{\"@type\":\"ListItem\",\"position\":2,\"name\":\"Lesiones Personales\",\"item\":\"https:\\\/\\\/willistoews.com\\\/es\\\/lesiones-personales\\\/\"},{\"@type\":\"ListItem\",\"position\":3,\"name\":\"Washington Abogados de Lesiones Personales\",\"item\":\"https:\\\/\\\/willistoews.com\\\/es\\\/lesiones-personales\\\/las-leyes-de-washington\\\/\"},{\"@type\":\"ListItem\",\"position\":4,\"name\":\"Seguro de Auto en Washington\",\"item\":\"https:\\\/\\\/willistoews.com\\\/es\\\/lesiones-personales\\\/las-leyes-de-washington\\\/seguro-de-auto\\\/\"},{\"@type\":\"ListItem\",\"position\":5,\"name\":\"Tipos y Limites de Cobertura\"}]},{\"@type\":\"WebSite\",\"@id\":\"https:\\\/\\\/willistoews.com\\\/es\\\/#website\",\"url\":\"https:\\\/\\\/willistoews.com\\\/es\\\/\",\"name\":\"Willis &amp; Toews, PLLC\",\"description\":\"Personal Injury Attorneys in Walla Walla, WA\",\"potentialAction\":[{\"@type\":\"SearchAction\",\"target\":{\"@type\":\"EntryPoint\",\"urlTemplate\":\"https:\\\/\\\/willistoews.com\\\/es\\\/?s={search_term_string}\"},\"query-input\":{\"@type\":\"PropertyValueSpecification\",\"valueRequired\":true,\"valueName\":\"search_term_string\"}}],\"inLanguage\":\"es\"}]}<\/script>\n<!-- \/ Yoast SEO plugin. -->","yoast_head_json":{"title":"Tipos y Limites de Cobertura | Willis & Toews","description":"La cobertura de responsabilidad civil lo protege si alguna vez se encuentra en una posici\u00f3n en la que debe pagar por las lesiones de otra persona.","robots":{"index":"index","follow":"follow","max-snippet":"max-snippet:-1","max-image-preview":"max-image-preview:large","max-video-preview":"max-video-preview:-1"},"canonical":"https:\/\/willistoews.com\/es\/lesiones-personales\/las-leyes-de-washington\/seguro-de-auto\/cobertura-de-tipos-y-limites\/","og_locale":"es_ES","og_type":"article","og_title":"Tipos y Limites de Cobertura | Willis & Toews","og_description":"La cobertura de responsabilidad civil lo protege si alguna vez se encuentra en una posici\u00f3n en la que debe pagar por las lesiones de otra persona.","og_url":"https:\/\/willistoews.com\/es\/lesiones-personales\/las-leyes-de-washington\/seguro-de-auto\/cobertura-de-tipos-y-limites\/","og_site_name":"Willis &amp; Toews, PLLC","article_publisher":"https:\/\/www.facebook.com\/Willis-Toews-PLLC-126516410737233\/","article_modified_time":"2023-07-03T01:52:05+00:00","twitter_card":"summary_large_image","twitter_misc":{"Tiempo de lectura":"9 minutos"},"schema":{"@context":"https:\/\/schema.org","@graph":[{"@type":"WebPage","@id":"https:\/\/willistoews.com\/es\/lesiones-personales\/las-leyes-de-washington\/seguro-de-auto\/cobertura-de-tipos-y-limites\/","url":"https:\/\/willistoews.com\/es\/lesiones-personales\/las-leyes-de-washington\/seguro-de-auto\/cobertura-de-tipos-y-limites\/","name":"Tipos y Limites de Cobertura | Willis & Toews","isPartOf":{"@id":"https:\/\/willistoews.com\/es\/#website"},"datePublished":"2010-07-15T18:02:08+00:00","dateModified":"2023-07-03T01:52:05+00:00","description":"La cobertura de responsabilidad civil lo protege si alguna vez se encuentra en una posici\u00f3n en la que debe pagar por las lesiones de otra persona.","breadcrumb":{"@id":"https:\/\/willistoews.com\/es\/lesiones-personales\/las-leyes-de-washington\/seguro-de-auto\/cobertura-de-tipos-y-limites\/#breadcrumb"},"inLanguage":"es","potentialAction":[{"@type":"ReadAction","target":["https:\/\/willistoews.com\/es\/lesiones-personales\/las-leyes-de-washington\/seguro-de-auto\/cobertura-de-tipos-y-limites\/"]}]},{"@type":"BreadcrumbList","@id":"https:\/\/willistoews.com\/es\/lesiones-personales\/las-leyes-de-washington\/seguro-de-auto\/cobertura-de-tipos-y-limites\/#breadcrumb","itemListElement":[{"@type":"ListItem","position":1,"name":"Home","item":"https:\/\/willistoews.com\/es\/"},{"@type":"ListItem","position":2,"name":"Lesiones Personales","item":"https:\/\/willistoews.com\/es\/lesiones-personales\/"},{"@type":"ListItem","position":3,"name":"Washington Abogados de Lesiones Personales","item":"https:\/\/willistoews.com\/es\/lesiones-personales\/las-leyes-de-washington\/"},{"@type":"ListItem","position":4,"name":"Seguro de Auto en Washington","item":"https:\/\/willistoews.com\/es\/lesiones-personales\/las-leyes-de-washington\/seguro-de-auto\/"},{"@type":"ListItem","position":5,"name":"Tipos y Limites de Cobertura"}]},{"@type":"WebSite","@id":"https:\/\/willistoews.com\/es\/#website","url":"https:\/\/willistoews.com\/es\/","name":"Willis &amp; Toews, PLLC","description":"Personal Injury Attorneys in Walla Walla, WA","potentialAction":[{"@type":"SearchAction","target":{"@type":"EntryPoint","urlTemplate":"https:\/\/willistoews.com\/es\/?s={search_term_string}"},"query-input":{"@type":"PropertyValueSpecification","valueRequired":true,"valueName":"search_term_string"}}],"inLanguage":"es"}]}},"_links":{"self":[{"href":"https:\/\/willistoews.com\/es\/wp-json\/wp\/v2\/pages\/291","targetHints":{"allow":["GET"]}}],"collection":[{"href":"https:\/\/willistoews.com\/es\/wp-json\/wp\/v2\/pages"}],"about":[{"href":"https:\/\/willistoews.com\/es\/wp-json\/wp\/v2\/types\/page"}],"author":[{"embeddable":true,"href":"https:\/\/willistoews.com\/es\/wp-json\/wp\/v2\/users\/3"}],"replies":[{"embeddable":true,"href":"https:\/\/willistoews.com\/es\/wp-json\/wp\/v2\/comments?post=291"}],"version-history":[{"count":0,"href":"https:\/\/willistoews.com\/es\/wp-json\/wp\/v2\/pages\/291\/revisions"}],"up":[{"embeddable":true,"href":"https:\/\/willistoews.com\/es\/wp-json\/wp\/v2\/pages\/286"}],"wp:attachment":[{"href":"https:\/\/willistoews.com\/es\/wp-json\/wp\/v2\/media?parent=291"}],"curies":[{"name":"wp","href":"https:\/\/api.w.org\/{rel}","templated":true}]}}