{"id":286,"date":"2010-07-15T17:31:40","date_gmt":"2010-07-15T17:31:40","guid":{"rendered":"http:\/\/willistoews.webinetics.com\/"},"modified":"2023-07-03T01:50:03","modified_gmt":"2023-07-03T01:50:03","slug":"seguro-de-auto","status":"publish","type":"page","link":"https:\/\/willistoews.com\/es\/lesiones-personales\/las-leyes-de-washington\/seguro-de-auto\/","title":{"rendered":"Seguro de Auto en Washington"},"content":{"rendered":"<h2>Entendiendo Su Seguro de Auto<\/h2>\n<p>Si usted es como la mayor\u00eda de\u00a0 gente, es probable que no lea mucho de lo que su compa\u00f1\u00eda de seguro de auto le env\u00eda, aparte del los cargos. En caso de que est\u00e9 involucrado en un accidente, sin embargo, es muy importante que usted sepa lo que ha pagado y c\u00f3mo aprovechar lo m\u00e1ximo de la cobertura que usted ha pagado.<\/p>\n<p>Contrariamente a la creencia popular, realmente no hay tal cosa como \u00abcobertura completa\u00bb cuando se trata de seguro de auto. Como ocurre con muchas cosas en la vida, sin embargo, usted tiende que conseguir lo que pag\u00f3.<\/p>\n<p>Esta gu\u00eda se ofrece para ayudarle a comprender qu\u00e9 tipo de cobertura de seguro de auto se ofrecen y en qu\u00e9 m\u00ednima cantidad deberia comprarlo.<\/p>\n","protected":false},"excerpt":{"rendered":"<p>Entendiendo Su Seguro de Auto Si usted es como la mayor\u00eda de\u00a0 gente, es probable que no lea mucho de lo que su compa\u00f1\u00eda de seguro de auto le env\u00eda, aparte del los cargos. En caso de que est\u00e9 involucrado en un accidente, sin embargo, es muy importante que usted sepa lo que ha pagado&#8230; <a class=\"more-link\" href=\"https:\/\/willistoews.com\/es\/lesiones-personales\/las-leyes-de-washington\/seguro-de-auto\/\">Read More<\/a><\/p>\n","protected":false},"author":3,"featured_media":0,"parent":716,"menu_order":0,"comment_status":"closed","ping_status":"closed","template":"","meta":{"_acf_changed":false,"_genesis_hide_title":false,"_genesis_hide_breadcrumbs":false,"_genesis_hide_singular_image":false,"_genesis_hide_footer_widgets":false,"_genesis_custom_body_class":"","_genesis_custom_post_class":"","_genesis_layout":"","footnotes":""},"class_list":{"0":"post-286","1":"page","2":"type-page","3":"status-publish","5":"entry"},"acf":[],"yoast_head":"<!-- This site is optimized with the Yoast SEO plugin v27.4 - https:\/\/yoast.com\/product\/yoast-seo-wordpress\/ -->\n<title>Seguro de Auto en Washington | Abogado de Accidentes<\/title>\n<meta name=\"description\" content=\"Si usted es como la mayor\u00eda de\u00a0 gente, es probable que no lea mucho de lo que su compa\u00f1\u00eda de seguro de auto le env\u00eda, aparte del los cargos.\" \/>\n<meta name=\"robots\" content=\"index, follow, max-snippet:-1, max-image-preview:large, max-video-preview:-1\" \/>\n<link rel=\"canonical\" href=\"https:\/\/willistoews.com\/es\/lesiones-personales\/las-leyes-de-washington\/seguro-de-auto\/\" \/>\n<meta property=\"og:locale\" content=\"es_ES\" \/>\n<meta property=\"og:type\" content=\"article\" \/>\n<meta property=\"og:title\" content=\"Seguro de Auto en Washington | Abogado de Accidentes\" \/>\n<meta property=\"og:description\" content=\"Si usted es como la mayor\u00eda de\u00a0 gente, es probable que no lea mucho de lo que su compa\u00f1\u00eda de seguro de auto le env\u00eda, aparte del los cargos.\" \/>\n<meta property=\"og:url\" content=\"https:\/\/willistoews.com\/es\/lesiones-personales\/las-leyes-de-washington\/seguro-de-auto\/\" \/>\n<meta property=\"og:site_name\" content=\"Willis &amp; Toews, PLLC\" \/>\n<meta property=\"article:publisher\" content=\"https:\/\/www.facebook.com\/Willis-Toews-PLLC-126516410737233\/\" \/>\n<meta property=\"article:modified_time\" content=\"2023-07-03T01:50:03+00:00\" \/>\n<meta name=\"twitter:card\" content=\"summary_large_image\" \/>\n<meta name=\"twitter:label1\" content=\"Tiempo de lectura\" \/>\n\t<meta name=\"twitter:data1\" content=\"1 minuto\" \/>\n<script type=\"application\/ld+json\" class=\"yoast-schema-graph\">{\"@context\":\"https:\\\/\\\/schema.org\",\"@graph\":[{\"@type\":\"WebPage\",\"@id\":\"https:\\\/\\\/willistoews.com\\\/es\\\/lesiones-personales\\\/las-leyes-de-washington\\\/seguro-de-auto\\\/\",\"url\":\"https:\\\/\\\/willistoews.com\\\/es\\\/lesiones-personales\\\/las-leyes-de-washington\\\/seguro-de-auto\\\/\",\"name\":\"Seguro de Auto en Washington | Abogado de Accidentes\",\"isPartOf\":{\"@id\":\"https:\\\/\\\/willistoews.com\\\/es\\\/#website\"},\"datePublished\":\"2010-07-15T17:31:40+00:00\",\"dateModified\":\"2023-07-03T01:50:03+00:00\",\"description\":\"Si usted es como la mayor\u00eda de\u00a0 gente, es probable que no lea mucho de lo que su compa\u00f1\u00eda de seguro de auto le env\u00eda, aparte del los cargos.\",\"breadcrumb\":{\"@id\":\"https:\\\/\\\/willistoews.com\\\/es\\\/lesiones-personales\\\/las-leyes-de-washington\\\/seguro-de-auto\\\/#breadcrumb\"},\"inLanguage\":\"es\",\"potentialAction\":[{\"@type\":\"ReadAction\",\"target\":[\"https:\\\/\\\/willistoews.com\\\/es\\\/lesiones-personales\\\/las-leyes-de-washington\\\/seguro-de-auto\\\/\"]}]},{\"@type\":\"BreadcrumbList\",\"@id\":\"https:\\\/\\\/willistoews.com\\\/es\\\/lesiones-personales\\\/las-leyes-de-washington\\\/seguro-de-auto\\\/#breadcrumb\",\"itemListElement\":[{\"@type\":\"ListItem\",\"position\":1,\"name\":\"Home\",\"item\":\"https:\\\/\\\/willistoews.com\\\/es\\\/\"},{\"@type\":\"ListItem\",\"position\":2,\"name\":\"Lesiones Personales\",\"item\":\"https:\\\/\\\/willistoews.com\\\/es\\\/lesiones-personales\\\/\"},{\"@type\":\"ListItem\",\"position\":3,\"name\":\"Washington Abogados de Lesiones Personales\",\"item\":\"https:\\\/\\\/willistoews.com\\\/es\\\/lesiones-personales\\\/las-leyes-de-washington\\\/\"},{\"@type\":\"ListItem\",\"position\":4,\"name\":\"Seguro de Auto en Washington\"}]},{\"@type\":\"WebSite\",\"@id\":\"https:\\\/\\\/willistoews.com\\\/es\\\/#website\",\"url\":\"https:\\\/\\\/willistoews.com\\\/es\\\/\",\"name\":\"Willis &amp; Toews, PLLC\",\"description\":\"Personal Injury Attorneys in Walla Walla, WA\",\"potentialAction\":[{\"@type\":\"SearchAction\",\"target\":{\"@type\":\"EntryPoint\",\"urlTemplate\":\"https:\\\/\\\/willistoews.com\\\/es\\\/?s={search_term_string}\"},\"query-input\":{\"@type\":\"PropertyValueSpecification\",\"valueRequired\":true,\"valueName\":\"search_term_string\"}}],\"inLanguage\":\"es\"}]}<\/script>\n<!-- \/ Yoast SEO plugin. -->","yoast_head_json":{"title":"Seguro de Auto en Washington | Abogado de Accidentes","description":"Si usted es como la mayor\u00eda de\u00a0 gente, es probable que no lea mucho de lo que su compa\u00f1\u00eda de seguro de auto le env\u00eda, aparte del los cargos.","robots":{"index":"index","follow":"follow","max-snippet":"max-snippet:-1","max-image-preview":"max-image-preview:large","max-video-preview":"max-video-preview:-1"},"canonical":"https:\/\/willistoews.com\/es\/lesiones-personales\/las-leyes-de-washington\/seguro-de-auto\/","og_locale":"es_ES","og_type":"article","og_title":"Seguro de Auto en Washington | Abogado de Accidentes","og_description":"Si usted es como la mayor\u00eda de\u00a0 gente, es probable que no lea mucho de lo que su compa\u00f1\u00eda de seguro de auto le env\u00eda, aparte del los cargos.","og_url":"https:\/\/willistoews.com\/es\/lesiones-personales\/las-leyes-de-washington\/seguro-de-auto\/","og_site_name":"Willis &amp; Toews, PLLC","article_publisher":"https:\/\/www.facebook.com\/Willis-Toews-PLLC-126516410737233\/","article_modified_time":"2023-07-03T01:50:03+00:00","twitter_card":"summary_large_image","twitter_misc":{"Tiempo de lectura":"1 minuto"},"schema":{"@context":"https:\/\/schema.org","@graph":[{"@type":"WebPage","@id":"https:\/\/willistoews.com\/es\/lesiones-personales\/las-leyes-de-washington\/seguro-de-auto\/","url":"https:\/\/willistoews.com\/es\/lesiones-personales\/las-leyes-de-washington\/seguro-de-auto\/","name":"Seguro de Auto en Washington | Abogado de Accidentes","isPartOf":{"@id":"https:\/\/willistoews.com\/es\/#website"},"datePublished":"2010-07-15T17:31:40+00:00","dateModified":"2023-07-03T01:50:03+00:00","description":"Si usted es como la mayor\u00eda de\u00a0 gente, es probable que no lea mucho de lo que su compa\u00f1\u00eda de seguro de auto le env\u00eda, aparte del los cargos.","breadcrumb":{"@id":"https:\/\/willistoews.com\/es\/lesiones-personales\/las-leyes-de-washington\/seguro-de-auto\/#breadcrumb"},"inLanguage":"es","potentialAction":[{"@type":"ReadAction","target":["https:\/\/willistoews.com\/es\/lesiones-personales\/las-leyes-de-washington\/seguro-de-auto\/"]}]},{"@type":"BreadcrumbList","@id":"https:\/\/willistoews.com\/es\/lesiones-personales\/las-leyes-de-washington\/seguro-de-auto\/#breadcrumb","itemListElement":[{"@type":"ListItem","position":1,"name":"Home","item":"https:\/\/willistoews.com\/es\/"},{"@type":"ListItem","position":2,"name":"Lesiones Personales","item":"https:\/\/willistoews.com\/es\/lesiones-personales\/"},{"@type":"ListItem","position":3,"name":"Washington Abogados de Lesiones Personales","item":"https:\/\/willistoews.com\/es\/lesiones-personales\/las-leyes-de-washington\/"},{"@type":"ListItem","position":4,"name":"Seguro de Auto en Washington"}]},{"@type":"WebSite","@id":"https:\/\/willistoews.com\/es\/#website","url":"https:\/\/willistoews.com\/es\/","name":"Willis &amp; Toews, PLLC","description":"Personal Injury Attorneys in Walla Walla, WA","potentialAction":[{"@type":"SearchAction","target":{"@type":"EntryPoint","urlTemplate":"https:\/\/willistoews.com\/es\/?s={search_term_string}"},"query-input":{"@type":"PropertyValueSpecification","valueRequired":true,"valueName":"search_term_string"}}],"inLanguage":"es"}]}},"_links":{"self":[{"href":"https:\/\/willistoews.com\/es\/wp-json\/wp\/v2\/pages\/286","targetHints":{"allow":["GET"]}}],"collection":[{"href":"https:\/\/willistoews.com\/es\/wp-json\/wp\/v2\/pages"}],"about":[{"href":"https:\/\/willistoews.com\/es\/wp-json\/wp\/v2\/types\/page"}],"author":[{"embeddable":true,"href":"https:\/\/willistoews.com\/es\/wp-json\/wp\/v2\/users\/3"}],"replies":[{"embeddable":true,"href":"https:\/\/willistoews.com\/es\/wp-json\/wp\/v2\/comments?post=286"}],"version-history":[{"count":0,"href":"https:\/\/willistoews.com\/es\/wp-json\/wp\/v2\/pages\/286\/revisions"}],"up":[{"embeddable":true,"href":"https:\/\/willistoews.com\/es\/wp-json\/wp\/v2\/pages\/716"}],"wp:attachment":[{"href":"https:\/\/willistoews.com\/es\/wp-json\/wp\/v2\/media?parent=286"}],"curies":[{"name":"wp","href":"https:\/\/api.w.org\/{rel}","templated":true}]}}