{"id":2199,"date":"2019-04-12T18:29:55","date_gmt":"2019-04-12T18:29:55","guid":{"rendered":"https:\/\/willistoews.com\/in-the-community\/"},"modified":"2019-04-12T18:45:24","modified_gmt":"2019-04-12T18:45:24","slug":"in-the-community","status":"publish","type":"page","link":"https:\/\/willistoews.com\/es\/in-the-community\/","title":{"rendered":"In the Community"},"content":{"rendered":"<p>Monte fue recientemente elegido como el juez Taylor en\u00a0<a href=\"https:\/\/www.ltww.org\/\">The Little Theatre of Walla Walla<\/a>&#8216;s interpretaci\u00f3n de <em>To Kill a Mockingbird. <\/em>\u00c9l es un gran fan\u00e1tico del teatro en vivo y le encanta participar en una parte tan divertida de la comunidad de Walla Walla.<\/p>\n<p><img loading=\"lazy\" decoding=\"async\" class=\"alignnone wp-image-2194 size-full\" src=\"https:\/\/willistoews.com\/wp-content\/uploads\/2019\/04\/cast-1.jpg\" alt=\"\" width=\"960\" height=\"638\" srcset=\"https:\/\/willistoews.com\/wp-content\/uploads\/2019\/04\/cast-1.jpg 960w, https:\/\/willistoews.com\/wp-content\/uploads\/2019\/04\/cast-1-300x199.jpg 300w, https:\/\/willistoews.com\/wp-content\/uploads\/2019\/04\/cast-1-768x510.jpg 768w\" sizes=\"auto, (max-width: 960px) 100vw, 960px\" \/><img loading=\"lazy\" decoding=\"async\" class=\"alignnone wp-image-2190 \" src=\"https:\/\/willistoews.com\/wp-content\/uploads\/2019\/04\/Monte-as-Judge-Taylor.jpg\" alt=\"\" width=\"552\" height=\"552\" srcset=\"https:\/\/willistoews.com\/wp-content\/uploads\/2019\/04\/Monte-as-Judge-Taylor.jpg 960w, https:\/\/willistoews.com\/wp-content\/uploads\/2019\/04\/Monte-as-Judge-Taylor-150x150.jpg 150w, https:\/\/willistoews.com\/wp-content\/uploads\/2019\/04\/Monte-as-Judge-Taylor-300x300.jpg 300w, https:\/\/willistoews.com\/wp-content\/uploads\/2019\/04\/Monte-as-Judge-Taylor-768x768.jpg 768w\" sizes=\"auto, (max-width: 552px) 100vw, 552px\" \/><\/p>\n","protected":false},"excerpt":{"rendered":"<p>Monte fue recientemente elegido como el juez Taylor en\u00a0The Little Theatre of Walla Walla&#8216;s interpretaci\u00f3n de To Kill a Mockingbird. \u00c9l es un gran fan\u00e1tico del teatro en vivo y le encanta participar en una parte tan divertida de la comunidad de Walla Walla.<\/p>\n","protected":false},"author":9,"featured_media":0,"parent":0,"menu_order":0,"comment_status":"closed","ping_status":"closed","template":"","meta":{"_acf_changed":false,"_genesis_hide_title":false,"_genesis_hide_breadcrumbs":false,"_genesis_hide_singular_image":false,"_genesis_hide_footer_widgets":false,"_genesis_custom_body_class":"","_genesis_custom_post_class":"","_genesis_layout":"","footnotes":""},"class_list":{"0":"post-2199","1":"page","2":"type-page","3":"status-publish","5":"entry","6":"has-post-thumbnail"},"acf":[],"yoast_head":"<!-- This site is optimized with the Yoast SEO plugin v27.4 - https:\/\/yoast.com\/product\/yoast-seo-wordpress\/ -->\n<title>In the Community | Willis &amp; Toews, PLLC<\/title>\n<meta name=\"description\" content=\"Monte was recently cast as Judge Taylor in The Little Theatre of Walla Walla&#039;s rendition of To Kill a Mockingbird.\u00a0 He is a huge fan of live theater and loves taking part in such a fun part of the Walla Walla community.\" \/>\n<meta name=\"robots\" content=\"index, follow, max-snippet:-1, max-image-preview:large, max-video-preview:-1\" \/>\n<link rel=\"canonical\" href=\"https:\/\/willistoews.com\/es\/in-the-community\/\" \/>\n<meta property=\"og:locale\" content=\"es_ES\" \/>\n<meta property=\"og:type\" content=\"article\" \/>\n<meta property=\"og:title\" content=\"In the Community | Willis &amp; Toews, PLLC\" \/>\n<meta property=\"og:description\" content=\"Monte was recently cast as Judge Taylor in The Little Theatre of Walla Walla&#039;s rendition of To Kill a Mockingbird.\u00a0 He is a huge fan of live theater and loves taking part in such a fun part of the Walla Walla community.\" \/>\n<meta property=\"og:url\" content=\"https:\/\/willistoews.com\/es\/in-the-community\/\" \/>\n<meta property=\"og:site_name\" content=\"Willis &amp; Toews, PLLC\" \/>\n<meta property=\"article:publisher\" content=\"https:\/\/www.facebook.com\/Willis-Toews-PLLC-126516410737233\/\" \/>\n<meta property=\"article:modified_time\" content=\"2019-04-12T18:45:24+00:00\" \/>\n<meta property=\"og:image\" content=\"https:\/\/willistoews.com\/wp-content\/uploads\/2019\/04\/cast-1.jpg\" \/>\n<meta name=\"twitter:card\" content=\"summary_large_image\" \/>\n<script type=\"application\/ld+json\" class=\"yoast-schema-graph\">{\"@context\":\"https:\\\/\\\/schema.org\",\"@graph\":[{\"@type\":\"WebPage\",\"@id\":\"https:\\\/\\\/willistoews.com\\\/es\\\/in-the-community\\\/\",\"url\":\"https:\\\/\\\/willistoews.com\\\/es\\\/in-the-community\\\/\",\"name\":\"In the Community | Willis &amp; Toews, PLLC\",\"isPartOf\":{\"@id\":\"https:\\\/\\\/willistoews.com\\\/es\\\/#website\"},\"primaryImageOfPage\":{\"@id\":\"https:\\\/\\\/willistoews.com\\\/es\\\/in-the-community\\\/#primaryimage\"},\"image\":{\"@id\":\"https:\\\/\\\/willistoews.com\\\/es\\\/in-the-community\\\/#primaryimage\"},\"thumbnailUrl\":\"https:\\\/\\\/willistoews.com\\\/wp-content\\\/uploads\\\/2019\\\/04\\\/cast-1.jpg\",\"datePublished\":\"2019-04-12T18:29:55+00:00\",\"dateModified\":\"2019-04-12T18:45:24+00:00\",\"description\":\"Monte was recently cast as Judge Taylor in The Little Theatre of Walla Walla's rendition of To Kill a Mockingbird.\u00a0 He is a huge fan of live theater and loves taking part in such a fun part of the Walla Walla community.\",\"breadcrumb\":{\"@id\":\"https:\\\/\\\/willistoews.com\\\/es\\\/in-the-community\\\/#breadcrumb\"},\"inLanguage\":\"es\",\"potentialAction\":[{\"@type\":\"ReadAction\",\"target\":[\"https:\\\/\\\/willistoews.com\\\/es\\\/in-the-community\\\/\"]}]},{\"@type\":\"ImageObject\",\"inLanguage\":\"es\",\"@id\":\"https:\\\/\\\/willistoews.com\\\/es\\\/in-the-community\\\/#primaryimage\",\"url\":\"https:\\\/\\\/willistoews.com\\\/wp-content\\\/uploads\\\/2019\\\/04\\\/cast-1.jpg\",\"contentUrl\":\"https:\\\/\\\/willistoews.com\\\/wp-content\\\/uploads\\\/2019\\\/04\\\/cast-1.jpg\"},{\"@type\":\"BreadcrumbList\",\"@id\":\"https:\\\/\\\/willistoews.com\\\/es\\\/in-the-community\\\/#breadcrumb\",\"itemListElement\":[{\"@type\":\"ListItem\",\"position\":1,\"name\":\"Home\",\"item\":\"https:\\\/\\\/willistoews.com\\\/es\\\/\"},{\"@type\":\"ListItem\",\"position\":2,\"name\":\"In the Community\"}]},{\"@type\":\"WebSite\",\"@id\":\"https:\\\/\\\/willistoews.com\\\/es\\\/#website\",\"url\":\"https:\\\/\\\/willistoews.com\\\/es\\\/\",\"name\":\"Willis &amp; Toews, PLLC\",\"description\":\"Personal Injury Attorneys in Walla Walla, WA\",\"potentialAction\":[{\"@type\":\"SearchAction\",\"target\":{\"@type\":\"EntryPoint\",\"urlTemplate\":\"https:\\\/\\\/willistoews.com\\\/es\\\/?s={search_term_string}\"},\"query-input\":{\"@type\":\"PropertyValueSpecification\",\"valueRequired\":true,\"valueName\":\"search_term_string\"}}],\"inLanguage\":\"es\"}]}<\/script>\n<!-- \/ Yoast SEO plugin. -->","yoast_head_json":{"title":"In the Community | Willis &amp; Toews, PLLC","description":"Monte was recently cast as Judge Taylor in The Little Theatre of Walla Walla's rendition of To Kill a Mockingbird.\u00a0 He is a huge fan of live theater and loves taking part in such a fun part of the Walla Walla community.","robots":{"index":"index","follow":"follow","max-snippet":"max-snippet:-1","max-image-preview":"max-image-preview:large","max-video-preview":"max-video-preview:-1"},"canonical":"https:\/\/willistoews.com\/es\/in-the-community\/","og_locale":"es_ES","og_type":"article","og_title":"In the Community | Willis &amp; Toews, PLLC","og_description":"Monte was recently cast as Judge Taylor in The Little Theatre of Walla Walla's rendition of To Kill a Mockingbird.\u00a0 He is a huge fan of live theater and loves taking part in such a fun part of the Walla Walla community.","og_url":"https:\/\/willistoews.com\/es\/in-the-community\/","og_site_name":"Willis &amp; Toews, PLLC","article_publisher":"https:\/\/www.facebook.com\/Willis-Toews-PLLC-126516410737233\/","article_modified_time":"2019-04-12T18:45:24+00:00","og_image":[{"url":"https:\/\/willistoews.com\/wp-content\/uploads\/2019\/04\/cast-1.jpg","type":"","width":"","height":""}],"twitter_card":"summary_large_image","schema":{"@context":"https:\/\/schema.org","@graph":[{"@type":"WebPage","@id":"https:\/\/willistoews.com\/es\/in-the-community\/","url":"https:\/\/willistoews.com\/es\/in-the-community\/","name":"In the Community | Willis &amp; Toews, PLLC","isPartOf":{"@id":"https:\/\/willistoews.com\/es\/#website"},"primaryImageOfPage":{"@id":"https:\/\/willistoews.com\/es\/in-the-community\/#primaryimage"},"image":{"@id":"https:\/\/willistoews.com\/es\/in-the-community\/#primaryimage"},"thumbnailUrl":"https:\/\/willistoews.com\/wp-content\/uploads\/2019\/04\/cast-1.jpg","datePublished":"2019-04-12T18:29:55+00:00","dateModified":"2019-04-12T18:45:24+00:00","description":"Monte was recently cast as Judge Taylor in The Little Theatre of Walla Walla's rendition of To Kill a Mockingbird.\u00a0 He is a huge fan of live theater and loves taking part in such a fun part of the Walla Walla community.","breadcrumb":{"@id":"https:\/\/willistoews.com\/es\/in-the-community\/#breadcrumb"},"inLanguage":"es","potentialAction":[{"@type":"ReadAction","target":["https:\/\/willistoews.com\/es\/in-the-community\/"]}]},{"@type":"ImageObject","inLanguage":"es","@id":"https:\/\/willistoews.com\/es\/in-the-community\/#primaryimage","url":"https:\/\/willistoews.com\/wp-content\/uploads\/2019\/04\/cast-1.jpg","contentUrl":"https:\/\/willistoews.com\/wp-content\/uploads\/2019\/04\/cast-1.jpg"},{"@type":"BreadcrumbList","@id":"https:\/\/willistoews.com\/es\/in-the-community\/#breadcrumb","itemListElement":[{"@type":"ListItem","position":1,"name":"Home","item":"https:\/\/willistoews.com\/es\/"},{"@type":"ListItem","position":2,"name":"In the Community"}]},{"@type":"WebSite","@id":"https:\/\/willistoews.com\/es\/#website","url":"https:\/\/willistoews.com\/es\/","name":"Willis &amp; Toews, PLLC","description":"Personal Injury Attorneys in Walla Walla, WA","potentialAction":[{"@type":"SearchAction","target":{"@type":"EntryPoint","urlTemplate":"https:\/\/willistoews.com\/es\/?s={search_term_string}"},"query-input":{"@type":"PropertyValueSpecification","valueRequired":true,"valueName":"search_term_string"}}],"inLanguage":"es"}]}},"_links":{"self":[{"href":"https:\/\/willistoews.com\/es\/wp-json\/wp\/v2\/pages\/2199","targetHints":{"allow":["GET"]}}],"collection":[{"href":"https:\/\/willistoews.com\/es\/wp-json\/wp\/v2\/pages"}],"about":[{"href":"https:\/\/willistoews.com\/es\/wp-json\/wp\/v2\/types\/page"}],"author":[{"embeddable":true,"href":"https:\/\/willistoews.com\/es\/wp-json\/wp\/v2\/users\/9"}],"replies":[{"embeddable":true,"href":"https:\/\/willistoews.com\/es\/wp-json\/wp\/v2\/comments?post=2199"}],"version-history":[{"count":0,"href":"https:\/\/willistoews.com\/es\/wp-json\/wp\/v2\/pages\/2199\/revisions"}],"wp:attachment":[{"href":"https:\/\/willistoews.com\/es\/wp-json\/wp\/v2\/media?parent=2199"}],"curies":[{"name":"wp","href":"https:\/\/api.w.org\/{rel}","templated":true}]}}