{"id":2032,"date":"2018-08-15T00:13:58","date_gmt":"2018-08-15T00:13:58","guid":{"rendered":"http:\/\/willistoews2.wpengine.com\/?page_id=2032"},"modified":"2023-07-03T00:39:23","modified_gmt":"2023-07-03T00:39:23","slug":"abogado-debra-debi-toews","status":"publish","type":"page","link":"https:\/\/willistoews.com\/es\/abogado-debra-debi-toews\/","title":{"rendered":"Abogado Debra \u201cDebi\u201d Toews"},"content":{"rendered":"<p>Despu\u00e9s de graduarse de Whitman College con una licenciatura en ingl\u00e9s en 1976, Debi fue maestra de una escuela secundaria en Kenya, \u00c1frica del Este durante dos a\u00f1os. De 1988 a 1994 fue profesora de ingl\u00e9s ense\u00f1ando ingl\u00e9s como segundo idioma para adultos en Walla Walla Community College.<\/p>\n<p>Debi ha trabajado, primero como una asistente legal, y ahora como abogada, en la ley de lesiones personales desde 1994. Ella complet\u00f3 el programa de Washington State Law Clerk en 2002 donde despu\u00e9s tomo y aprob\u00f3 el examen del estado, Washington State Bar Examination en Julio de 2002. Debi ha practicado exclusivamente en el trabajo de lesiones personales desde que fue juramentada como abogada en Noviembre de 2002. El 1 de Enero de 2006, fue co-fundadora de Willis Toews, PLLC, con Monte Willis.<\/p>\n<p>Debi fue presentadora de \u201cBicicletas: Riesgos y Derechos\u201d representando los ciclistas heridos y la legislaci\u00f3n de bicicletas en Washington en un seminario de Continuando la Educaci\u00f3n Jur\u00eddica para otros abogados en el Washington Association for Justice \u201cTransporte Da\u00f1os Y Perjuicios\u201d Seminario en Septiembre de 2008.<\/p>\n<p>Tambi\u00e9n ha testificado en ambos Washington State House y Senate Transportation Committees en cuestiones de seguridad para los ciclistas y peatones. Ella actualmente es miembro de la Alianza de Bicicletas de Washington (Bicycle Alliance of Washington) y es un miembra de su Comit\u00e9 Legislativo. Un resumen de las leyes de bicicletas se puede encontrar en su p\u00e1gina de web aqu\u00ed.<\/p>\n<p>Recientemente gan\u00f3 el premio de \u201cHometown Hero\u201d de Blue Mountain Chapter of the American Red Cross por su trabajo en Seguridad P\u00fablica. En 2005, Debi gan\u00f3 el premio, Washington State Susie Stephens Award por la Promoci\u00f3n de Bicicletas, en nombre de sus exitosos esfuerzos para aprobar la ley Safe Passing en el estado de Washington.<\/p>\n<p>Debi es una \u00e1vida ciclista, le gusta leer una gran variedad de libros, y est\u00e1 involucrada en la iglesia y en actividades comunitarios como una voluntaria.<\/p>\n<p>Barra de Entrada:<br \/>\nAdmitida al Washington Bar en 2002.<\/p>\n<p>Educacion:<\/p>\n<p>Whitman College, B.A. English, 1976;<br \/>\nWashington Law Clerk Program, 2002;<br \/>\nAfiliaciones:<\/p>\n<p>Washington Association for Justice.<br \/>\nWashington State Bar Association.<\/p>\n","protected":false},"excerpt":{"rendered":"<p>Despu\u00e9s de graduarse de Whitman College con una licenciatura en ingl\u00e9s en 1976, Debi fue maestra de una escuela secundaria en Kenya, \u00c1frica del Este durante dos a\u00f1os. De 1988 a 1994 fue profesora de ingl\u00e9s ense\u00f1ando ingl\u00e9s como segundo idioma para adultos en Walla Walla Community College. Debi ha trabajado, primero como una asistente&#8230; <a class=\"more-link\" href=\"https:\/\/willistoews.com\/es\/abogado-debra-debi-toews\/\">Read More<\/a><\/p>\n","protected":false},"author":9,"featured_media":2033,"parent":0,"menu_order":0,"comment_status":"closed","ping_status":"closed","template":"attorney-page.php","meta":{"_acf_changed":false,"_genesis_hide_title":false,"_genesis_hide_breadcrumbs":false,"_genesis_hide_singular_image":false,"_genesis_hide_footer_widgets":false,"_genesis_custom_body_class":"","_genesis_custom_post_class":"","_genesis_layout":"","footnotes":""},"class_list":{"0":"post-2032","1":"page","2":"type-page","3":"status-publish","4":"has-post-thumbnail","6":"entry"},"acf":[],"yoast_head":"<!-- This site is optimized with the Yoast SEO plugin v27.3 - https:\/\/yoast.com\/product\/yoast-seo-wordpress\/ -->\n<title>Abogado Debra \u201cDebi\u201d Toews | Willis &amp; Toews<\/title>\n<meta name=\"description\" content=\"Debi Toews es una abogada capacitada y con experiencia, y est\u00e1 lista para tomar su caso de lesiones. Cont\u00e1ctela hoy para una consulta.\" \/>\n<meta name=\"robots\" content=\"index, follow, max-snippet:-1, max-image-preview:large, max-video-preview:-1\" \/>\n<link rel=\"canonical\" href=\"https:\/\/willistoews.com\/es\/abogado-debra-debi-toews\/\" \/>\n<meta property=\"og:locale\" content=\"es_ES\" \/>\n<meta property=\"og:type\" content=\"article\" \/>\n<meta property=\"og:title\" content=\"Abogado Debra \u201cDebi\u201d Toews | Willis &amp; Toews\" \/>\n<meta property=\"og:description\" content=\"Debi Toews es una abogada capacitada y con experiencia, y est\u00e1 lista para tomar su caso de lesiones. Cont\u00e1ctela hoy para una consulta.\" \/>\n<meta property=\"og:url\" content=\"https:\/\/willistoews.com\/es\/abogado-debra-debi-toews\/\" \/>\n<meta property=\"og:site_name\" content=\"Willis &amp; Toews, PLLC\" \/>\n<meta property=\"article:publisher\" content=\"https:\/\/www.facebook.com\/Willis-Toews-PLLC-126516410737233\/\" \/>\n<meta property=\"article:modified_time\" content=\"2023-07-03T00:39:23+00:00\" \/>\n<meta property=\"og:image\" content=\"https:\/\/willistoews.com\/wp-content\/uploads\/2018\/08\/debi-toews-headshot.jpg\" \/>\n\t<meta property=\"og:image:width\" content=\"200\" \/>\n\t<meta property=\"og:image:height\" content=\"230\" \/>\n\t<meta property=\"og:image:type\" content=\"image\/jpeg\" \/>\n<meta name=\"twitter:card\" content=\"summary_large_image\" \/>\n<meta name=\"twitter:label1\" content=\"Tiempo de lectura\" \/>\n\t<meta name=\"twitter:data1\" content=\"2 minutos\" \/>\n<script type=\"application\/ld+json\" class=\"yoast-schema-graph\">{\"@context\":\"https:\\\/\\\/schema.org\",\"@graph\":[{\"@type\":\"WebPage\",\"@id\":\"https:\\\/\\\/willistoews.com\\\/es\\\/abogado-debra-debi-toews\\\/\",\"url\":\"https:\\\/\\\/willistoews.com\\\/es\\\/abogado-debra-debi-toews\\\/\",\"name\":\"Abogado Debra \u201cDebi\u201d Toews | Willis & Toews\",\"isPartOf\":{\"@id\":\"https:\\\/\\\/willistoews.com\\\/es\\\/#website\"},\"primaryImageOfPage\":{\"@id\":\"https:\\\/\\\/willistoews.com\\\/es\\\/abogado-debra-debi-toews\\\/#primaryimage\"},\"image\":{\"@id\":\"https:\\\/\\\/willistoews.com\\\/es\\\/abogado-debra-debi-toews\\\/#primaryimage\"},\"thumbnailUrl\":\"https:\\\/\\\/willistoews.com\\\/wp-content\\\/uploads\\\/2018\\\/08\\\/debi-toews-headshot.jpg\",\"datePublished\":\"2018-08-15T00:13:58+00:00\",\"dateModified\":\"2023-07-03T00:39:23+00:00\",\"description\":\"Debi Toews es una abogada capacitada y con experiencia, y est\u00e1 lista para tomar su caso de lesiones. Cont\u00e1ctela hoy para una consulta.\",\"breadcrumb\":{\"@id\":\"https:\\\/\\\/willistoews.com\\\/es\\\/abogado-debra-debi-toews\\\/#breadcrumb\"},\"inLanguage\":\"es\",\"potentialAction\":[{\"@type\":\"ReadAction\",\"target\":[\"https:\\\/\\\/willistoews.com\\\/es\\\/abogado-debra-debi-toews\\\/\"]}]},{\"@type\":\"ImageObject\",\"inLanguage\":\"es\",\"@id\":\"https:\\\/\\\/willistoews.com\\\/es\\\/abogado-debra-debi-toews\\\/#primaryimage\",\"url\":\"https:\\\/\\\/willistoews.com\\\/wp-content\\\/uploads\\\/2018\\\/08\\\/debi-toews-headshot.jpg\",\"contentUrl\":\"https:\\\/\\\/willistoews.com\\\/wp-content\\\/uploads\\\/2018\\\/08\\\/debi-toews-headshot.jpg\",\"width\":\"200\",\"height\":\"230\"},{\"@type\":\"BreadcrumbList\",\"@id\":\"https:\\\/\\\/willistoews.com\\\/es\\\/abogado-debra-debi-toews\\\/#breadcrumb\",\"itemListElement\":[{\"@type\":\"ListItem\",\"position\":1,\"name\":\"Home\",\"item\":\"https:\\\/\\\/willistoews.com\\\/es\\\/\"},{\"@type\":\"ListItem\",\"position\":2,\"name\":\"Abogado Debra \u201cDebi\u201d Toews\"}]},{\"@type\":\"WebSite\",\"@id\":\"https:\\\/\\\/willistoews.com\\\/es\\\/#website\",\"url\":\"https:\\\/\\\/willistoews.com\\\/es\\\/\",\"name\":\"Willis &amp; Toews, PLLC\",\"description\":\"Personal Injury Attorneys in Walla Walla, WA\",\"potentialAction\":[{\"@type\":\"SearchAction\",\"target\":{\"@type\":\"EntryPoint\",\"urlTemplate\":\"https:\\\/\\\/willistoews.com\\\/es\\\/?s={search_term_string}\"},\"query-input\":{\"@type\":\"PropertyValueSpecification\",\"valueRequired\":true,\"valueName\":\"search_term_string\"}}],\"inLanguage\":\"es\"}]}<\/script>\n<!-- \/ Yoast SEO plugin. -->","yoast_head_json":{"title":"Abogado Debra \u201cDebi\u201d Toews | Willis & Toews","description":"Debi Toews es una abogada capacitada y con experiencia, y est\u00e1 lista para tomar su caso de lesiones. Cont\u00e1ctela hoy para una consulta.","robots":{"index":"index","follow":"follow","max-snippet":"max-snippet:-1","max-image-preview":"max-image-preview:large","max-video-preview":"max-video-preview:-1"},"canonical":"https:\/\/willistoews.com\/es\/abogado-debra-debi-toews\/","og_locale":"es_ES","og_type":"article","og_title":"Abogado Debra \u201cDebi\u201d Toews | Willis & Toews","og_description":"Debi Toews es una abogada capacitada y con experiencia, y est\u00e1 lista para tomar su caso de lesiones. Cont\u00e1ctela hoy para una consulta.","og_url":"https:\/\/willistoews.com\/es\/abogado-debra-debi-toews\/","og_site_name":"Willis &amp; Toews, PLLC","article_publisher":"https:\/\/www.facebook.com\/Willis-Toews-PLLC-126516410737233\/","article_modified_time":"2023-07-03T00:39:23+00:00","og_image":[{"width":200,"height":230,"url":"https:\/\/willistoews.com\/wp-content\/uploads\/2018\/08\/debi-toews-headshot.jpg","type":"image\/jpeg"}],"twitter_card":"summary_large_image","twitter_misc":{"Tiempo de lectura":"2 minutos"},"schema":{"@context":"https:\/\/schema.org","@graph":[{"@type":"WebPage","@id":"https:\/\/willistoews.com\/es\/abogado-debra-debi-toews\/","url":"https:\/\/willistoews.com\/es\/abogado-debra-debi-toews\/","name":"Abogado Debra \u201cDebi\u201d Toews | Willis & Toews","isPartOf":{"@id":"https:\/\/willistoews.com\/es\/#website"},"primaryImageOfPage":{"@id":"https:\/\/willistoews.com\/es\/abogado-debra-debi-toews\/#primaryimage"},"image":{"@id":"https:\/\/willistoews.com\/es\/abogado-debra-debi-toews\/#primaryimage"},"thumbnailUrl":"https:\/\/willistoews.com\/wp-content\/uploads\/2018\/08\/debi-toews-headshot.jpg","datePublished":"2018-08-15T00:13:58+00:00","dateModified":"2023-07-03T00:39:23+00:00","description":"Debi Toews es una abogada capacitada y con experiencia, y est\u00e1 lista para tomar su caso de lesiones. Cont\u00e1ctela hoy para una consulta.","breadcrumb":{"@id":"https:\/\/willistoews.com\/es\/abogado-debra-debi-toews\/#breadcrumb"},"inLanguage":"es","potentialAction":[{"@type":"ReadAction","target":["https:\/\/willistoews.com\/es\/abogado-debra-debi-toews\/"]}]},{"@type":"ImageObject","inLanguage":"es","@id":"https:\/\/willistoews.com\/es\/abogado-debra-debi-toews\/#primaryimage","url":"https:\/\/willistoews.com\/wp-content\/uploads\/2018\/08\/debi-toews-headshot.jpg","contentUrl":"https:\/\/willistoews.com\/wp-content\/uploads\/2018\/08\/debi-toews-headshot.jpg","width":"200","height":"230"},{"@type":"BreadcrumbList","@id":"https:\/\/willistoews.com\/es\/abogado-debra-debi-toews\/#breadcrumb","itemListElement":[{"@type":"ListItem","position":1,"name":"Home","item":"https:\/\/willistoews.com\/es\/"},{"@type":"ListItem","position":2,"name":"Abogado Debra \u201cDebi\u201d Toews"}]},{"@type":"WebSite","@id":"https:\/\/willistoews.com\/es\/#website","url":"https:\/\/willistoews.com\/es\/","name":"Willis &amp; Toews, PLLC","description":"Personal Injury Attorneys in Walla Walla, WA","potentialAction":[{"@type":"SearchAction","target":{"@type":"EntryPoint","urlTemplate":"https:\/\/willistoews.com\/es\/?s={search_term_string}"},"query-input":{"@type":"PropertyValueSpecification","valueRequired":true,"valueName":"search_term_string"}}],"inLanguage":"es"}]}},"_links":{"self":[{"href":"https:\/\/willistoews.com\/es\/wp-json\/wp\/v2\/pages\/2032","targetHints":{"allow":["GET"]}}],"collection":[{"href":"https:\/\/willistoews.com\/es\/wp-json\/wp\/v2\/pages"}],"about":[{"href":"https:\/\/willistoews.com\/es\/wp-json\/wp\/v2\/types\/page"}],"author":[{"embeddable":true,"href":"https:\/\/willistoews.com\/es\/wp-json\/wp\/v2\/users\/9"}],"replies":[{"embeddable":true,"href":"https:\/\/willistoews.com\/es\/wp-json\/wp\/v2\/comments?post=2032"}],"version-history":[{"count":0,"href":"https:\/\/willistoews.com\/es\/wp-json\/wp\/v2\/pages\/2032\/revisions"}],"wp:featuredmedia":[{"embeddable":true,"href":"https:\/\/willistoews.com\/es\/wp-json\/wp\/v2\/media\/2033"}],"wp:attachment":[{"href":"https:\/\/willistoews.com\/es\/wp-json\/wp\/v2\/media?parent=2032"}],"curies":[{"name":"wp","href":"https:\/\/api.w.org\/{rel}","templated":true}]}}