{"id":2022,"date":"2018-08-14T00:00:43","date_gmt":"2018-08-14T00:00:43","guid":{"rendered":"http:\/\/willistoews2.wpengine.com\/?page_id=2022"},"modified":"2023-07-03T01:35:01","modified_gmt":"2023-07-03T01:35:01","slug":"lesiones-de-productos-defectuosos-en-oregon-o-washington","status":"publish","type":"page","link":"https:\/\/willistoews.com\/es\/lesiones-de-productos-defectuosos-en-oregon-o-washington\/","title":{"rendered":"Lesiones de productos defectuosos"},"content":{"rendered":"<p>Los fabricantes en los Estados Unidos tienen un deber legal de cuidado a sus consumidores. La ley les exige que pongan en el mercado productos razonablemente seguros y avisen a los consumidores de cualquier peligro conocido de utilizar sus productos. Cuando los fabricantes no cumplen con sus deberes, y los productos defectuosos lo convierten en manos de los consumidores, los resultados pueden ser devastadores.<\/p>\n<p>Los consumidores que han sufrido\u00a0<a href=\"\/es\/lesiones-personales\/\">lesiones<\/a>\u00a0como resultado de productos defectuosos o peligrosos tienen derecho a presentar una demanda o demanda contra la parte apropiada por el da\u00f1o causado. Si usted o su ser querido ha sufrido recientemente este tipo de lesiones, puede ponerse en contacto con nuestro equipo de lesiones personales en Willis &amp; Toews, PLLC para obtener ayuda.<\/p>\n<h2>Tipos de productos defectuosos<\/h2>\n<p>Las agencias que supervisan las pr\u00e1cticas seguras de fabricaci\u00f3n y los retiros de productos en los Estados Unidos incluyen la Comisi\u00f3n de Seguridad de los Productos de Consumo, la Administraci\u00f3n de Alimentos y Medicamentos y la Administraci\u00f3n Nacional de Seguridad en el Tr\u00e1fico de Carreteras. Cuando un producto es defectuoso en su dise\u00f1o o en su fabricaci\u00f3n, estas agencias estipulan que el producto o nunca debe llegar a las estanter\u00edas o, si ya est\u00e1 en el mercado, debe ser retirado de los estantes tan pronto como el defecto es conocido .<\/p>\n<p>Algunos de los tipos de productos que a menudo causan lesiones a las personas cada a\u00f1o se enumeran a continuaci\u00f3n.<\/p>\n<ul>\n<li>Medicamentos y dispositivos m\u00e9dicos<\/li>\n<li>Juguetes y art\u00edculos para beb\u00e9s, como columpios, cunas y asientos de autom\u00f3vil<\/li>\n<li>Equipos el\u00e9ctricos<\/li>\n<li>Productos alimenticios<\/li>\n<li>Cosm\u00e9ticos<\/li>\n<li>Neum\u00e1ticos y otros componentes de autom\u00f3viles<\/li>\n<li>Muebles<\/li>\n<li>Bicicletas y scooters<\/li>\n<li>Electrodom\u00e9sticos<\/li>\n<li>Materiales de construcci\u00f3n<\/li>\n<li>Ascensor y piezas de escalera mec\u00e1nica<\/li>\n<li>Productos de limpieza<\/li>\n<li>Equipos de protecci\u00f3n, como cascos<\/li>\n<li>Alarmas de incendio y detectores de mon\u00f3xido de carbono<\/li>\n<li>Equipos de ejercicios<\/li>\n<\/ul>\n<h2>Negligencia en reclamaciones de productos defectuosos<\/h2>\n<p>La negligencia est\u00e1 en el coraz\u00f3n de todas las demandas defectuosas del producto. Alguna parte debe haber actuado de manera descuidada o negligente para ser considerada responsable de los da\u00f1os de las v\u00edctimas. No son s\u00f3lo los fabricantes los responsables; Cualquier persona a lo largo de la cadena de suministro puede ser nombrado como un acusado en estos casos. Puede ser un ingeniero, una f\u00e1brica, un mayorista, un instalador, una compa\u00f1\u00eda del transporte o una tienda al por menor.<\/p>\n<p>La negligencia en las reclamaciones de responsabilidad del producto generalmente caen bajo una de las siguientes categor\u00edas.<\/p>\n<ul>\n<li>Dise\u00f1o defectuoso<\/li>\n<li>Errores o contaminaci\u00f3n en el proceso de fabricaci\u00f3n<\/li>\n<li>Instrucciones o advertencias inadecuadas<\/li>\n<\/ul>\n<p>Independientemente de la naturaleza del defecto, lo primero que las v\u00edctimas quieren hacer es consultar a un abogado de productos defectuosos para revisar su caso. Un abogado ser\u00e1 capaz de investigar el incidente, determinar la parte culpable y comenzar a recopilar pruebas para apoyar la reclamaci\u00f3n.<\/p>\n<h2>Tipos de da\u00f1os indemnizables<\/h2>\n<p>Las v\u00edctimas generalmente pueden recuperar dos tipos de da\u00f1os en las reclamaciones de responsabilidad por productos.<\/p>\n<ul>\n<li>Da\u00f1os econ\u00f3micos \u2013 Todas las p\u00e9rdidas financieras relacionadas con su lesi\u00f3n son compensables. Esto incluye art\u00edculos tales como gastos m\u00e9dicos, p\u00e9rdida de salarios, tratamientos futuros, el costo de contratar ayuda, discapacidad y gastos de viaje relacionados con su lesi\u00f3n.<\/li>\n<li>Da\u00f1os no econ\u00f3micos \u2013 Las p\u00e9rdidas intangibles asociadas con lesiones tambi\u00e9n pueden incluirse en su reclamaci\u00f3n. Estos incluyen cosas como el dolor y el sufrimiento, el disfrute perdido de la vida, y la angustia mental.<\/li>\n<\/ul>\n<p>En algunos casos, un juez puede otorgar una tercera categor\u00eda de da\u00f1os llamados da\u00f1os punitivos. Los da\u00f1os punitivos se otorgan como un medio para castigar al acusado por conducta il\u00edcita y desalentar que el comportamiento vuelva a ocurrir.<\/p>\n<p>Su abogado ser\u00e1 capaz de ayudar a crear una lista completa de sus da\u00f1os y estimar el valor de su reclamo.<\/p>\n<h2>\u00bfLesionado por un producto defectuoso? Willis &amp; Toews puede ayudar.<\/h2>\n<p>Si usted sufri\u00f3 lesiones graves debido a un producto peligroso o defectuoso, nuestro equipo de lesiones en Willis &amp; Toews, PLLC, puede ayudar. Podemos ayudar a los clientes con todas sus lesiones personales asuntos legales en Washington y Oregon y tienen 20 a\u00f1os de experiencia combinada ayudando a las v\u00edctimas a recuperar grandes asentamientos de fabricantes irresponsables. Comun\u00edquese con nuestra oficina hoy al 509-204-1751 para\u00a0<a href=\"\/es\/contacto\/\">una consulta gratuita<\/a>\u00a0y sin compromiso.<\/p>\n","protected":false},"excerpt":{"rendered":"<p>Los fabricantes en los Estados Unidos tienen un deber legal de cuidado a sus consumidores. La ley les exige que pongan en el mercado productos razonablemente seguros y avisen a los consumidores de cualquier peligro conocido de utilizar sus productos. Cuando los fabricantes no cumplen con sus deberes, y los productos defectuosos lo convierten en&#8230; <a class=\"more-link\" href=\"https:\/\/willistoews.com\/es\/lesiones-de-productos-defectuosos-en-oregon-o-washington\/\">Read More<\/a><\/p>\n","protected":false},"author":9,"featured_media":0,"parent":0,"menu_order":0,"comment_status":"closed","ping_status":"closed","template":"","meta":{"_acf_changed":false,"_genesis_hide_title":false,"_genesis_hide_breadcrumbs":false,"_genesis_hide_singular_image":false,"_genesis_hide_footer_widgets":false,"_genesis_custom_body_class":"","_genesis_custom_post_class":"","_genesis_layout":"","footnotes":""},"class_list":{"0":"post-2022","1":"page","2":"type-page","3":"status-publish","5":"entry","6":"has-post-thumbnail"},"acf":[],"yoast_head":"<!-- This site is optimized with the Yoast SEO plugin v27.4 - https:\/\/yoast.com\/product\/yoast-seo-wordpress\/ -->\n<title>Defective Product Injuries | Walla Walla Personal Injury<\/title>\n<meta name=\"description\" content=\"Los fabricantes en los Estados Unidos tienen el deber de proteger a los clientes y proporcionar productos seguros a las comunidades.\" \/>\n<meta name=\"robots\" content=\"index, follow, max-snippet:-1, max-image-preview:large, max-video-preview:-1\" \/>\n<link rel=\"canonical\" href=\"https:\/\/willistoews.com\/es\/lesiones-de-productos-defectuosos-en-oregon-o-washington\/\" \/>\n<meta property=\"og:locale\" content=\"es_ES\" \/>\n<meta property=\"og:type\" content=\"article\" \/>\n<meta property=\"og:title\" content=\"Defective Product Injuries | Walla Walla Personal Injury\" \/>\n<meta property=\"og:description\" content=\"Los fabricantes en los Estados Unidos tienen el deber de proteger a los clientes y proporcionar productos seguros a las comunidades.\" \/>\n<meta property=\"og:url\" content=\"https:\/\/willistoews.com\/es\/lesiones-de-productos-defectuosos-en-oregon-o-washington\/\" \/>\n<meta property=\"og:site_name\" content=\"Willis &amp; Toews, PLLC\" \/>\n<meta property=\"article:publisher\" content=\"https:\/\/www.facebook.com\/Willis-Toews-PLLC-126516410737233\/\" \/>\n<meta property=\"article:modified_time\" content=\"2023-07-03T01:35:01+00:00\" \/>\n<meta name=\"twitter:card\" content=\"summary_large_image\" \/>\n<meta name=\"twitter:label1\" content=\"Tiempo de lectura\" \/>\n\t<meta name=\"twitter:data1\" content=\"4 minutos\" \/>\n<script type=\"application\/ld+json\" class=\"yoast-schema-graph\">{\"@context\":\"https:\\\/\\\/schema.org\",\"@graph\":[{\"@type\":\"WebPage\",\"@id\":\"https:\\\/\\\/willistoews.com\\\/es\\\/lesiones-de-productos-defectuosos-en-oregon-o-washington\\\/\",\"url\":\"https:\\\/\\\/willistoews.com\\\/es\\\/lesiones-de-productos-defectuosos-en-oregon-o-washington\\\/\",\"name\":\"Defective Product Injuries | Walla Walla Personal Injury\",\"isPartOf\":{\"@id\":\"https:\\\/\\\/willistoews.com\\\/es\\\/#website\"},\"datePublished\":\"2018-08-14T00:00:43+00:00\",\"dateModified\":\"2023-07-03T01:35:01+00:00\",\"description\":\"Los fabricantes en los Estados Unidos tienen el deber de proteger a los clientes y proporcionar productos seguros a las comunidades.\",\"breadcrumb\":{\"@id\":\"https:\\\/\\\/willistoews.com\\\/es\\\/lesiones-de-productos-defectuosos-en-oregon-o-washington\\\/#breadcrumb\"},\"inLanguage\":\"es\",\"potentialAction\":[{\"@type\":\"ReadAction\",\"target\":[\"https:\\\/\\\/willistoews.com\\\/es\\\/lesiones-de-productos-defectuosos-en-oregon-o-washington\\\/\"]}]},{\"@type\":\"BreadcrumbList\",\"@id\":\"https:\\\/\\\/willistoews.com\\\/es\\\/lesiones-de-productos-defectuosos-en-oregon-o-washington\\\/#breadcrumb\",\"itemListElement\":[{\"@type\":\"ListItem\",\"position\":1,\"name\":\"Home\",\"item\":\"https:\\\/\\\/willistoews.com\\\/es\\\/\"},{\"@type\":\"ListItem\",\"position\":2,\"name\":\"Lesiones de productos defectuosos\"}]},{\"@type\":\"WebSite\",\"@id\":\"https:\\\/\\\/willistoews.com\\\/es\\\/#website\",\"url\":\"https:\\\/\\\/willistoews.com\\\/es\\\/\",\"name\":\"Willis &amp; Toews, PLLC\",\"description\":\"Personal Injury Attorneys in Walla Walla, WA\",\"potentialAction\":[{\"@type\":\"SearchAction\",\"target\":{\"@type\":\"EntryPoint\",\"urlTemplate\":\"https:\\\/\\\/willistoews.com\\\/es\\\/?s={search_term_string}\"},\"query-input\":{\"@type\":\"PropertyValueSpecification\",\"valueRequired\":true,\"valueName\":\"search_term_string\"}}],\"inLanguage\":\"es\"}]}<\/script>\n<!-- \/ Yoast SEO plugin. -->","yoast_head_json":{"title":"Defective Product Injuries | Walla Walla Personal Injury","description":"Los fabricantes en los Estados Unidos tienen el deber de proteger a los clientes y proporcionar productos seguros a las comunidades.","robots":{"index":"index","follow":"follow","max-snippet":"max-snippet:-1","max-image-preview":"max-image-preview:large","max-video-preview":"max-video-preview:-1"},"canonical":"https:\/\/willistoews.com\/es\/lesiones-de-productos-defectuosos-en-oregon-o-washington\/","og_locale":"es_ES","og_type":"article","og_title":"Defective Product Injuries | Walla Walla Personal Injury","og_description":"Los fabricantes en los Estados Unidos tienen el deber de proteger a los clientes y proporcionar productos seguros a las comunidades.","og_url":"https:\/\/willistoews.com\/es\/lesiones-de-productos-defectuosos-en-oregon-o-washington\/","og_site_name":"Willis &amp; Toews, PLLC","article_publisher":"https:\/\/www.facebook.com\/Willis-Toews-PLLC-126516410737233\/","article_modified_time":"2023-07-03T01:35:01+00:00","twitter_card":"summary_large_image","twitter_misc":{"Tiempo de lectura":"4 minutos"},"schema":{"@context":"https:\/\/schema.org","@graph":[{"@type":"WebPage","@id":"https:\/\/willistoews.com\/es\/lesiones-de-productos-defectuosos-en-oregon-o-washington\/","url":"https:\/\/willistoews.com\/es\/lesiones-de-productos-defectuosos-en-oregon-o-washington\/","name":"Defective Product Injuries | Walla Walla Personal Injury","isPartOf":{"@id":"https:\/\/willistoews.com\/es\/#website"},"datePublished":"2018-08-14T00:00:43+00:00","dateModified":"2023-07-03T01:35:01+00:00","description":"Los fabricantes en los Estados Unidos tienen el deber de proteger a los clientes y proporcionar productos seguros a las comunidades.","breadcrumb":{"@id":"https:\/\/willistoews.com\/es\/lesiones-de-productos-defectuosos-en-oregon-o-washington\/#breadcrumb"},"inLanguage":"es","potentialAction":[{"@type":"ReadAction","target":["https:\/\/willistoews.com\/es\/lesiones-de-productos-defectuosos-en-oregon-o-washington\/"]}]},{"@type":"BreadcrumbList","@id":"https:\/\/willistoews.com\/es\/lesiones-de-productos-defectuosos-en-oregon-o-washington\/#breadcrumb","itemListElement":[{"@type":"ListItem","position":1,"name":"Home","item":"https:\/\/willistoews.com\/es\/"},{"@type":"ListItem","position":2,"name":"Lesiones de productos defectuosos"}]},{"@type":"WebSite","@id":"https:\/\/willistoews.com\/es\/#website","url":"https:\/\/willistoews.com\/es\/","name":"Willis &amp; Toews, PLLC","description":"Personal Injury Attorneys in Walla Walla, WA","potentialAction":[{"@type":"SearchAction","target":{"@type":"EntryPoint","urlTemplate":"https:\/\/willistoews.com\/es\/?s={search_term_string}"},"query-input":{"@type":"PropertyValueSpecification","valueRequired":true,"valueName":"search_term_string"}}],"inLanguage":"es"}]}},"_links":{"self":[{"href":"https:\/\/willistoews.com\/es\/wp-json\/wp\/v2\/pages\/2022","targetHints":{"allow":["GET"]}}],"collection":[{"href":"https:\/\/willistoews.com\/es\/wp-json\/wp\/v2\/pages"}],"about":[{"href":"https:\/\/willistoews.com\/es\/wp-json\/wp\/v2\/types\/page"}],"author":[{"embeddable":true,"href":"https:\/\/willistoews.com\/es\/wp-json\/wp\/v2\/users\/9"}],"replies":[{"embeddable":true,"href":"https:\/\/willistoews.com\/es\/wp-json\/wp\/v2\/comments?post=2022"}],"version-history":[{"count":0,"href":"https:\/\/willistoews.com\/es\/wp-json\/wp\/v2\/pages\/2022\/revisions"}],"wp:attachment":[{"href":"https:\/\/willistoews.com\/es\/wp-json\/wp\/v2\/media?parent=2022"}],"curies":[{"name":"wp","href":"https:\/\/api.w.org\/{rel}","templated":true}]}}