{"id":1630,"date":"2017-07-13T17:23:12","date_gmt":"2017-07-13T17:23:12","guid":{"rendered":"https:\/\/willistoews.com\/?page_id=1630\/"},"modified":"2018-08-29T17:27:35","modified_gmt":"2018-08-29T17:27:35","slug":"traumatismo-cerebro-cerebro","status":"publish","type":"page","link":"https:\/\/willistoews.com\/es\/lesiones-personales\/traumatismo-cerebro-cerebro\/","title":{"rendered":"Abogados de Lesiones Cerebrales y Cabeza"},"content":{"rendered":"<p>Las lesiones cerebrales y de la cabeza pueden alterar completamente la vida de una persona, as\u00ed como afectar negativamente a su familia. Incluso lesiones de cabeza relativamente menores podr\u00edan tener efectos adversos duraderos sobre la salud, el estado emocional, la personalidad, la carrera y las relaciones de una persona. Debido a que una lesi\u00f3n cerebral tiene una amplia gama de efectos y porque no hay una cura simple, de un solo tama\u00f1o, todo el alcance de la vida de una v\u00edctima puede cambiar, a partir del momento en que ocurri\u00f3 la lesi\u00f3n.<\/p>\n<p>Cuando alguien sostiene una lesi\u00f3n cerebral en un accidente que es responsabilidad de otra persona, la v\u00edctima (o los miembros de su familia en su nombre) pueden presentar una reclamaci\u00f3n y solicitar una indemnizaci\u00f3n por da\u00f1os y perjuicios. Los da\u00f1os por reclamaciones de lesiones en la cabeza pueden ser bastante importantes, por lo que es vital tener un abogado de lesiones personales en Washington o Oreg\u00f3n en Willis &amp; Toews ayudarle a perseguir el caso y dar cuenta de todos sus da\u00f1os. Nuestros abogados tienen m\u00e1s de 30 a\u00f1os de servicio legal combinado; Conocemos los entresijos de las leyes de lesiones personales y c\u00f3mo ayudar a las v\u00edctimas de lesiones cerebrales a maximizar sus recuperaciones.<\/p>\n<h2>\u00bfPuedo presentar una reclamaci\u00f3n por una lesi\u00f3n en la cabeza?<\/h2>\n<p>Su elegibilidad para presentar una reclamaci\u00f3n por una lesi\u00f3n en la cabeza depende de los detalles que rodean su accidente. Si usted fue herido en un accidente que fue su culpa, tendr\u00e1 que recurrir a su propia aseguradora para pagar sus necesidades. Sin embargo, si otra parte (el demandado) caus\u00f3 o contribuy\u00f3 a su accidente, usted puede ser capaz de buscar la recuperaci\u00f3n de \u00e9l o ella.<\/p>\n<p>Si usted puede probar que el demandado 1) le deb\u00eda un deber legal de cuidado, 2) incumpli\u00f3 ese deber, y 3) le caus\u00f3 un da\u00f1o verificable debido a su negligencia, es m\u00e1s probable que tenga derecho a la recuperaci\u00f3n. Las v\u00edctimas de lesiones en la cabeza presentan reclamos despu\u00e9s de varios tipos de accidentes e incidentes como los siguientes.<\/p>\n<ul>\n<li><a href=\"\/es\/lesiones-personales\/las-leyes-de-washington\/seguro-de-auto\/despues-de-un-accidente\/\">Accidentes de autom\u00f3viles, camiones y motocicletas<\/a><\/li>\n<li><a href=\"\/es\/bicicleta-accidente-lesiones-y-fatalidades-en-oregon-y-washington\/\">Accidentes de bicicletas<\/a> y <a href=\"\/es\/peatonal-accidentes-en-oregon-o-washington\/\">peatones<\/a><\/li>\n<li>Accidentes en los lugares de trabajo<\/li>\n<li>Lesiones resultantes de cascos defectuosos y otros productos defectuosos<\/li>\n<li>Se golpea en la cabeza con la ca\u00edda de objetos o equipos<\/li>\n<li>Deslizamiento y ca\u00edda de accidentes y ca\u00eddas desde alturas<\/li>\n<li>Actos de violencia<\/li>\n<\/ul>\n<h2>Obtenci\u00f3n de compensaci\u00f3n por una lesi\u00f3n cerebral traum\u00e1tica o conmoci\u00f3n cerebral<\/h2>\n<p id=\"tw-target-text\" class=\"tw-data-text tw-ta tw-text-small\" dir=\"ltr\" data-placeholder=\"Translation\"><span lang=\"es\">La lesi\u00f3n cerebral traum\u00e1tica m\u00e1s com\u00fan (TBI), seg\u00fan la Asociaci\u00f3n de Lesiones Cerebrales de Am\u00e9rica (BIAA), es una conmoci\u00f3n cerebral, que ocurre cuando el cerebro golpea el interior del cr\u00e1neo. Una conmoci\u00f3n cerebral puede parecer una lesi\u00f3n leve; Sin embargo, puede precipitar la lesi\u00f3n axonal difusa (DAI). DAI, causada por sacudidas violentas de la cabeza (como en un accidente de coche), puede causar da\u00f1os a corto plazo o duraderos. <\/span><\/p>\n<p class=\"tw-data-text tw-ta tw-text-small\" dir=\"ltr\" data-placeholder=\"Translation\"><span lang=\"es\">Otras consecuencias de una lesi\u00f3n en la cabeza incluyen da\u00f1o a las estructuras del o\u00eddo interno (por ejemplo, labirintitis), da\u00f1o a la conexi\u00f3n neurol\u00f3gica entre el cerebro y los o\u00eddos y \/ o los ojos, y da\u00f1o a la gl\u00e1ndula pituitaria. El diagn\u00f3stico y tratamiento de una lesi\u00f3n de la gl\u00e1ndula pituitaria es particularidad importante en los ni\u00f1os debido a la producci\u00f3n de la gl\u00e1ndula pituitaria de la hormona del crecimiento. <\/span><\/p>\n<p class=\"tw-data-text tw-ta tw-text-small\" dir=\"ltr\" data-placeholder=\"Translation\"><span lang=\"es\">Un TBI puede tomar de unos pocos meses a unos cuantos a\u00f1os para sanar. Las principales causas de TBI son las ca\u00eddas en m\u00e1s del 40 por ciento, seg\u00fan el BIAA, seguido de accidentes de veh\u00edculos de motor (14 por ciento) y otras causas desconocidas (19 por ciento).<\/span><\/p>\n<p class=\"tw-data-text tw-ta tw-text-small\" dir=\"ltr\" data-placeholder=\"Translation\">Un TCE de leve a moderado puede tener s\u00edntomas como:<\/p>\n<ul>\n<li class=\"tw-data-text tw-ta tw-text-small\" dir=\"ltr\" data-placeholder=\"Translation\">Dolores de cabeza<\/li>\n<li class=\"tw-data-text tw-ta tw-text-small\" dir=\"ltr\" data-placeholder=\"Translation\">Fatiga y \/ o trastornos del sue\u00f1o<\/li>\n<li class=\"tw-data-text tw-ta tw-text-small\" dir=\"ltr\" data-placeholder=\"Translation\">Problemas de equilibrio<\/li>\n<li class=\"tw-data-text tw-ta tw-text-small\" dir=\"ltr\" data-placeholder=\"Translation\">Problemas con concentraci\u00f3n, memoria o capacidad de atenci\u00f3n<\/li>\n<li class=\"tw-data-text tw-ta tw-text-small\" dir=\"ltr\" data-placeholder=\"Translation\">Alteraciones visuales<\/li>\n<li class=\"tw-data-text tw-ta tw-text-small\" dir=\"ltr\" data-placeholder=\"Translation\">Depresi\u00f3n<\/li>\n<li class=\"tw-data-text tw-ta tw-text-small\" dir=\"ltr\" data-placeholder=\"Translation\">Ansiedad<\/li>\n<li class=\"tw-data-text tw-ta tw-text-small\" dir=\"ltr\" data-placeholder=\"Translation\">Cambios de humor<\/li>\n<\/ul>\n<p>Un TBI grave puede resultar en un estado coma o vegetativo, que puede ser de larga duraci\u00f3n.<\/p>\n<p>La recuperaci\u00f3n de esta (s) lesi\u00f3n (es) depende del diagn\u00f3stico r\u00e1pido de sus s\u00edntomas seguido por la b\u00fasqueda constante de cualquier tratamiento \/ terapias prescritas. Descansar y alejarse del trabajo \/ actividades es a menudo el primer paso hacia la recuperaci\u00f3n. El uso de algunos medicamentos comunes, sin embargo, puede interferir y prolongar el proceso de recuperaci\u00f3n. Para aquellos cuyos s\u00edntomas persisten, el habla, cognitivas y otras terapias pueden ser prescritas. La remisi\u00f3n a un audi\u00f3logo y \/ o neur\u00f3logo tambi\u00e9n es com\u00fan.<\/p>\n<p>No ignore estos s\u00edntomas. Es fundamental que usted haga una cita para discutir estos s\u00edntomas con un m\u00e9dico familiarizado con lesiones en la cabeza tan pronto como sea posible.<\/p>\n<p>\u00bfQu\u00e9 tipo de da\u00f1os puedo recibir en una reclamaci\u00f3n por lesiones en la cabeza? Puede recoger una gran variedad de da\u00f1os en una reclamaci\u00f3n por lesi\u00f3n en la cabeza, incluyendo sus facturas m\u00e9dicas actuales y futuras, salarios perdidos, incapacidad a largo plazo, da\u00f1os emocionales, el efecto de la lesi\u00f3n en sus relaciones y la vida cotidiana y dolor y sufrimiento.<\/p>\n<p>Para obtener ayuda para calcular el valor de su reclamo y para obtener ayuda para obtener el acuerdo que merece en Washington o Oregon, llame a <a href=\"\/es\/quienes-somos\/\">Willis &amp; Toews<\/a> hoy al 509-204-1751 para <a href=\"\/es\/contacto\/\">una consulta gratuita<\/a>.<\/p>\n<p>&nbsp;<\/p>\n","protected":false},"excerpt":{"rendered":"<p>Las lesiones cerebrales y de la cabeza pueden alterar completamente la vida de una persona, as\u00ed como afectar negativamente a su familia. Incluso lesiones de cabeza relativamente menores podr\u00edan tener efectos adversos duraderos sobre la salud, el estado emocional, la personalidad, la carrera y las relaciones de una persona. Debido a que una lesi\u00f3n cerebral&#8230; <a class=\"more-link\" href=\"https:\/\/willistoews.com\/es\/lesiones-personales\/traumatismo-cerebro-cerebro\/\">Read More<\/a><\/p>\n","protected":false},"author":3,"featured_media":0,"parent":48,"menu_order":0,"comment_status":"closed","ping_status":"closed","template":"","meta":{"_acf_changed":false,"_genesis_hide_title":false,"_genesis_hide_breadcrumbs":false,"_genesis_hide_singular_image":false,"_genesis_hide_footer_widgets":false,"_genesis_custom_body_class":"","_genesis_custom_post_class":"","_genesis_layout":"","footnotes":""},"class_list":{"0":"post-1630","1":"page","2":"type-page","3":"status-publish","5":"entry","6":"has-post-thumbnail"},"acf":[],"yoast_head":"<!-- This site is optimized with the Yoast SEO plugin v27.3 - https:\/\/yoast.com\/product\/yoast-seo-wordpress\/ -->\n<title>Abogados de Lesiones Cerebrales y Cabeza | Walla Walla, WA<\/title>\n<meta name=\"description\" content=\"Las v\u00edctimas de lesiones cerebrales y de cabeza pueden ser capaces de asegurar un arreglo si alguien m\u00e1s caus\u00f3 su da\u00f1o. Obtenga una consulta legal gratuita en WA o OR\" \/>\n<meta name=\"robots\" content=\"index, follow, max-snippet:-1, max-image-preview:large, max-video-preview:-1\" \/>\n<link rel=\"canonical\" href=\"https:\/\/willistoews.com\/es\/lesiones-personales\/traumatismo-cerebro-cerebro\/\" \/>\n<meta property=\"og:locale\" content=\"es_ES\" \/>\n<meta property=\"og:type\" content=\"article\" \/>\n<meta property=\"og:title\" content=\"Abogados de Lesiones Cerebrales y Cabeza | Walla Walla, WA\" \/>\n<meta property=\"og:description\" content=\"Las v\u00edctimas de lesiones cerebrales y de cabeza pueden ser capaces de asegurar un arreglo si alguien m\u00e1s caus\u00f3 su da\u00f1o. Obtenga una consulta legal gratuita en WA o OR\" \/>\n<meta property=\"og:url\" content=\"https:\/\/willistoews.com\/es\/lesiones-personales\/traumatismo-cerebro-cerebro\/\" \/>\n<meta property=\"og:site_name\" content=\"Willis &amp; Toews, PLLC\" \/>\n<meta property=\"article:publisher\" content=\"https:\/\/www.facebook.com\/Willis-Toews-PLLC-126516410737233\/\" \/>\n<meta property=\"article:modified_time\" content=\"2018-08-29T17:27:35+00:00\" \/>\n<meta name=\"twitter:card\" content=\"summary_large_image\" \/>\n<meta name=\"twitter:label1\" content=\"Tiempo de lectura\" \/>\n\t<meta name=\"twitter:data1\" content=\"5 minutos\" \/>\n<script type=\"application\/ld+json\" class=\"yoast-schema-graph\">{\"@context\":\"https:\\\/\\\/schema.org\",\"@graph\":[{\"@type\":\"WebPage\",\"@id\":\"https:\\\/\\\/willistoews.com\\\/es\\\/lesiones-personales\\\/traumatismo-cerebro-cerebro\\\/\",\"url\":\"https:\\\/\\\/willistoews.com\\\/es\\\/lesiones-personales\\\/traumatismo-cerebro-cerebro\\\/\",\"name\":\"Abogados de Lesiones Cerebrales y Cabeza | Walla Walla, WA\",\"isPartOf\":{\"@id\":\"https:\\\/\\\/willistoews.com\\\/es\\\/#website\"},\"datePublished\":\"2017-07-13T17:23:12+00:00\",\"dateModified\":\"2018-08-29T17:27:35+00:00\",\"description\":\"Las v\u00edctimas de lesiones cerebrales y de cabeza pueden ser capaces de asegurar un arreglo si alguien m\u00e1s caus\u00f3 su da\u00f1o. Obtenga una consulta legal gratuita en WA o OR\",\"breadcrumb\":{\"@id\":\"https:\\\/\\\/willistoews.com\\\/es\\\/lesiones-personales\\\/traumatismo-cerebro-cerebro\\\/#breadcrumb\"},\"inLanguage\":\"es\",\"potentialAction\":[{\"@type\":\"ReadAction\",\"target\":[\"https:\\\/\\\/willistoews.com\\\/es\\\/lesiones-personales\\\/traumatismo-cerebro-cerebro\\\/\"]}]},{\"@type\":\"BreadcrumbList\",\"@id\":\"https:\\\/\\\/willistoews.com\\\/es\\\/lesiones-personales\\\/traumatismo-cerebro-cerebro\\\/#breadcrumb\",\"itemListElement\":[{\"@type\":\"ListItem\",\"position\":1,\"name\":\"Home\",\"item\":\"https:\\\/\\\/willistoews.com\\\/es\\\/\"},{\"@type\":\"ListItem\",\"position\":2,\"name\":\"Lesiones Personales\",\"item\":\"https:\\\/\\\/willistoews.com\\\/es\\\/lesiones-personales\\\/\"},{\"@type\":\"ListItem\",\"position\":3,\"name\":\"Abogados de Lesiones Cerebrales y Cabeza\"}]},{\"@type\":\"WebSite\",\"@id\":\"https:\\\/\\\/willistoews.com\\\/es\\\/#website\",\"url\":\"https:\\\/\\\/willistoews.com\\\/es\\\/\",\"name\":\"Willis &amp; Toews, PLLC\",\"description\":\"Personal Injury Attorneys in Walla Walla, WA\",\"potentialAction\":[{\"@type\":\"SearchAction\",\"target\":{\"@type\":\"EntryPoint\",\"urlTemplate\":\"https:\\\/\\\/willistoews.com\\\/es\\\/?s={search_term_string}\"},\"query-input\":{\"@type\":\"PropertyValueSpecification\",\"valueRequired\":true,\"valueName\":\"search_term_string\"}}],\"inLanguage\":\"es\"}]}<\/script>\n<!-- \/ Yoast SEO plugin. -->","yoast_head_json":{"title":"Abogados de Lesiones Cerebrales y Cabeza | Walla Walla, WA","description":"Las v\u00edctimas de lesiones cerebrales y de cabeza pueden ser capaces de asegurar un arreglo si alguien m\u00e1s caus\u00f3 su da\u00f1o. Obtenga una consulta legal gratuita en WA o OR","robots":{"index":"index","follow":"follow","max-snippet":"max-snippet:-1","max-image-preview":"max-image-preview:large","max-video-preview":"max-video-preview:-1"},"canonical":"https:\/\/willistoews.com\/es\/lesiones-personales\/traumatismo-cerebro-cerebro\/","og_locale":"es_ES","og_type":"article","og_title":"Abogados de Lesiones Cerebrales y Cabeza | Walla Walla, WA","og_description":"Las v\u00edctimas de lesiones cerebrales y de cabeza pueden ser capaces de asegurar un arreglo si alguien m\u00e1s caus\u00f3 su da\u00f1o. Obtenga una consulta legal gratuita en WA o OR","og_url":"https:\/\/willistoews.com\/es\/lesiones-personales\/traumatismo-cerebro-cerebro\/","og_site_name":"Willis &amp; Toews, PLLC","article_publisher":"https:\/\/www.facebook.com\/Willis-Toews-PLLC-126516410737233\/","article_modified_time":"2018-08-29T17:27:35+00:00","twitter_card":"summary_large_image","twitter_misc":{"Tiempo de lectura":"5 minutos"},"schema":{"@context":"https:\/\/schema.org","@graph":[{"@type":"WebPage","@id":"https:\/\/willistoews.com\/es\/lesiones-personales\/traumatismo-cerebro-cerebro\/","url":"https:\/\/willistoews.com\/es\/lesiones-personales\/traumatismo-cerebro-cerebro\/","name":"Abogados de Lesiones Cerebrales y Cabeza | Walla Walla, WA","isPartOf":{"@id":"https:\/\/willistoews.com\/es\/#website"},"datePublished":"2017-07-13T17:23:12+00:00","dateModified":"2018-08-29T17:27:35+00:00","description":"Las v\u00edctimas de lesiones cerebrales y de cabeza pueden ser capaces de asegurar un arreglo si alguien m\u00e1s caus\u00f3 su da\u00f1o. Obtenga una consulta legal gratuita en WA o OR","breadcrumb":{"@id":"https:\/\/willistoews.com\/es\/lesiones-personales\/traumatismo-cerebro-cerebro\/#breadcrumb"},"inLanguage":"es","potentialAction":[{"@type":"ReadAction","target":["https:\/\/willistoews.com\/es\/lesiones-personales\/traumatismo-cerebro-cerebro\/"]}]},{"@type":"BreadcrumbList","@id":"https:\/\/willistoews.com\/es\/lesiones-personales\/traumatismo-cerebro-cerebro\/#breadcrumb","itemListElement":[{"@type":"ListItem","position":1,"name":"Home","item":"https:\/\/willistoews.com\/es\/"},{"@type":"ListItem","position":2,"name":"Lesiones Personales","item":"https:\/\/willistoews.com\/es\/lesiones-personales\/"},{"@type":"ListItem","position":3,"name":"Abogados de Lesiones Cerebrales y Cabeza"}]},{"@type":"WebSite","@id":"https:\/\/willistoews.com\/es\/#website","url":"https:\/\/willistoews.com\/es\/","name":"Willis &amp; Toews, PLLC","description":"Personal Injury Attorneys in Walla Walla, WA","potentialAction":[{"@type":"SearchAction","target":{"@type":"EntryPoint","urlTemplate":"https:\/\/willistoews.com\/es\/?s={search_term_string}"},"query-input":{"@type":"PropertyValueSpecification","valueRequired":true,"valueName":"search_term_string"}}],"inLanguage":"es"}]}},"_links":{"self":[{"href":"https:\/\/willistoews.com\/es\/wp-json\/wp\/v2\/pages\/1630","targetHints":{"allow":["GET"]}}],"collection":[{"href":"https:\/\/willistoews.com\/es\/wp-json\/wp\/v2\/pages"}],"about":[{"href":"https:\/\/willistoews.com\/es\/wp-json\/wp\/v2\/types\/page"}],"author":[{"embeddable":true,"href":"https:\/\/willistoews.com\/es\/wp-json\/wp\/v2\/users\/3"}],"replies":[{"embeddable":true,"href":"https:\/\/willistoews.com\/es\/wp-json\/wp\/v2\/comments?post=1630"}],"version-history":[{"count":0,"href":"https:\/\/willistoews.com\/es\/wp-json\/wp\/v2\/pages\/1630\/revisions"}],"up":[{"embeddable":true,"href":"https:\/\/willistoews.com\/es\/wp-json\/wp\/v2\/pages\/48"}],"wp:attachment":[{"href":"https:\/\/willistoews.com\/es\/wp-json\/wp\/v2\/media?parent=1630"}],"curies":[{"name":"wp","href":"https:\/\/api.w.org\/{rel}","templated":true}]}}