{"id":1626,"date":"2017-07-13T17:06:42","date_gmt":"2017-07-13T17:06:42","guid":{"rendered":"https:\/\/willistoews.com\/?page_id=1626\/"},"modified":"2018-08-29T17:22:58","modified_gmt":"2018-08-29T17:22:58","slug":"lesiones-ninos-menores","status":"publish","type":"page","link":"https:\/\/willistoews.com\/es\/lesiones-personales\/lesiones-ninos-menores\/","title":{"rendered":"Lesiones a ni\u00f1os y menores"},"content":{"rendered":"<p>Es uno de los peores sentimientos en el mundo cuando su hijo sufre una lesi\u00f3n. Su dolor se convierte en su dolor, y s\u00f3lo quiere borrarlo. Como padre, su herida se exacerba cuando el da\u00f1o que sufri\u00f3 su hijo fue evitable y cuando alguien m\u00e1s lo caus\u00f3.<\/p>\n<p>Nuestra empresa ayuda a las familias en <a href=\"\/es\/lesiones-personales\/las-leyes-de-washington\/\">Washington<\/a>\u00a0y <a href=\"\/es\/lesiones-personales\/la-leyes-de-oregon\/\">Oregon<\/a> a trav\u00e9s de algunos de los momentos m\u00e1s dif\u00edciles en sus vidas, desde serios accidentes automovil\u00edsticos a accidentes en la propiedad de otra persona. Consideramos nuestra misi\u00f3n ayudar a los padres a buscar la recuperaci\u00f3n completa de las lesiones de sus hijos o muertes injustas. Si su hijo ha sido da\u00f1ado por negligencia o negligencia de otra persona, llame a Willis &amp; Toews para una consulta gratuita con uno de nuestros abogados de lesiones infantiles: 509-204-1751.<\/p>\n<h2 id=\"tw-target-text\" class=\"tw-data-text tw-ta tw-text-small\" dir=\"ltr\" data-placeholder=\"Translation\"><span lang=\"es\">\u00bfQu\u00e9 tipo de lesiones califican para una reclamaci\u00f3n de restituci\u00f3n?<\/span><\/h2>\n<p>Cuando alguien se ve perjudicado por el mal hecho de otra persona, tanto las leyes de Washington como las de Oregon ofrecen la oportunidad de presentar una demanda por agravio o una demanda contra el infractor para buscar la recuperaci\u00f3n financiera de sus p\u00e9rdidas. Si la v\u00edctima es menor de edad, los padres trabajar\u00e1n con el abogado y presentar\u00e1n la reclamaci\u00f3n en nombre del ni\u00f1o.<\/p>\n<p>Cualquier lesi\u00f3n que sufra su hijo como resultado de una mala conducta de otra persona, compa\u00f1\u00eda o entidad puede justificarse para hacer una reclamaci\u00f3n. Las reclamaciones de agravio se hacen generalmente basadas en uno de tres motivos.<\/p>\n<ul>\n<li><strong>Negligencia<\/strong> &#8211; Si las lesiones de su hijo se derivan de la negligencia de otra persona, es decir, el malhechor no cumpli\u00f3 con su deber de cuidado, entonces usted puede perseguir una demanda por da\u00f1os y perjuicios. Ejemplos de situaciones que pueden calificar para presentar una demanda por negligencia incluyen accidentes automovil\u00edsticos causados \u200b\u200bpor un conductor distra\u00eddo, lesiones de guarder\u00eda causadas por personal negligente y m\u00e1s.<\/li>\n<li><strong>Responsabilidad estricta<\/strong> &#8211; Solicitudes de responsabilidad estricta se aplican en reclamaciones de mordeduras de perro de Washington. Si su hijo fue mordido por un perro en el Estado de Washington, entonces probablemente puede presentar una reclamaci\u00f3n y el propietario puede ser estrictamente responsable de los da\u00f1os de su hijo.<\/li>\n<li><strong> Da\u00f1o intencional<\/strong> &#8211; Si alguien intencionalmente hace da\u00f1o a su hijo, usted puede demandarla en un tribunal civil para la recuperaci\u00f3n financiera. La intimidaci\u00f3n, el abuso y la bater\u00eda son ejemplos de delitos intencionales.<\/li>\n<\/ul>\n<h2>\u00bfExisten reglas especiales para los casos de lesiones con ni\u00f1os?<\/h2>\n<p>La prescripci\u00f3n de un caso de lesiones personales se puede cancelar si la v\u00edctima es un menor de edad. Bajo la ley de Washington, el estatuto de limitaciones comienza a correr una vez que el menor cumple 18 a\u00f1os de edad. As\u00ed que si la v\u00edctima es menor de edad, puede presentar una reclamaci\u00f3n hasta el 21 cumplea\u00f1os.<\/p>\n<p>En Oreg\u00f3n, el estatuto general de limitaciones para las reclamaciones por lesiones personales se paga en caso de que la v\u00edctima sea menor de edad. Si, en el momento en que se produce la causa de acci\u00f3n, la persona es menor de 18 a\u00f1os de edad, la ley se suspende por el per\u00edodo de minor\u00eda, excepto que el tiempo para interponer la acci\u00f3n no puede ser extendido por m\u00e1s de cinco a\u00f1os o por M\u00e1s de un a\u00f1o despu\u00e9s de que cese la incapacidad, lo que ocurra primero. ORS 12.160. Sin embargo, el estatuto general de limitaci\u00f3n de dos a\u00f1os no se aplica con respecto a cualquier reclamaci\u00f3n que un padre u otro individuo haya presentado antes del 1\/1\/2008 de la lesi\u00f3n del menor. En ese caso, los padres ten\u00edan que presentar una reclamaci\u00f3n por sus da\u00f1os mucho antes del 18 cumplea\u00f1os del menor para recuperar la compensaci\u00f3n por p\u00e9rdidas o gastos que experimentaron.<\/p>\n<p>Hay muchas excepciones bajo la ley de Oreg\u00f3n a las reglas generales descritas arriba, incluyendo aquellas por reclamos de negligencia m\u00e9dica, reclamos bajo la Ley de Reclamos de Agresi\u00f3n de Oregon y demandas por muerte injusta para nombrar unos pocos. Este resumen no pretende ser exhaustivo y es importante que se comunique con un abogado lo antes posible despu\u00e9s de una lesi\u00f3n para discutir el per\u00edodo de limitaci\u00f3n aplicable. Hable con Willis &amp; Toews para aclarar el l\u00edmite de tiempo que usted y su hijo deben seguir.<\/p>\n<h2>\u00bfNecesito un abogado para demandar a alguien por las heridas de mi hijo?<\/h2>\n<p>En la mayor\u00eda de los casos, usted debe consultar a un abogado para ayudar a mantener a alguien legalmente responsable de las lesiones de su hijo. La presentaci\u00f3n de un reclamo o una demanda puede ser un proceso muy complejo. Habr\u00e1 evidencia para recolectar y organizar, documentos para redactar y archivar, y una serie de pasos detallados a tomar para llevar su caso a buen t\u00e9rmino. Todo esto puede ser una tarea excepcionalmente dif\u00edcil para cualquier persona que no est\u00e9 familiarizada con las leyes de responsabilidad por lesiones infantiles, procesos legales, o sus derechos y responsabilidades bajo la ley.<\/p>\n<p>Si usted reside en Washington o Oregon, llame a Willis &amp; Toews. Comun\u00edquese con nosotros hoy al 509-204-1751 para <a href=\"\/es\/contacto\/\">una consulta gratuita, sin obligaci\u00f3n<\/a>.<\/p>\n","protected":false},"excerpt":{"rendered":"<p>Es uno de los peores sentimientos en el mundo cuando su hijo sufre una lesi\u00f3n. Su dolor se convierte en su dolor, y s\u00f3lo quiere borrarlo. Como padre, su herida se exacerba cuando el da\u00f1o que sufri\u00f3 su hijo fue evitable y cuando alguien m\u00e1s lo caus\u00f3. Nuestra empresa ayuda a las familias en Washington\u00a0y&#8230; <a class=\"more-link\" href=\"https:\/\/willistoews.com\/es\/lesiones-personales\/lesiones-ninos-menores\/\">Read More<\/a><\/p>\n","protected":false},"author":3,"featured_media":0,"parent":48,"menu_order":0,"comment_status":"closed","ping_status":"closed","template":"","meta":{"_acf_changed":false,"_genesis_hide_title":false,"_genesis_hide_breadcrumbs":false,"_genesis_hide_singular_image":false,"_genesis_hide_footer_widgets":false,"_genesis_custom_body_class":"","_genesis_custom_post_class":"","_genesis_layout":"","footnotes":""},"class_list":{"0":"post-1626","1":"page","2":"type-page","3":"status-publish","5":"entry","6":"has-post-thumbnail"},"acf":[],"yoast_head":"<!-- This site is optimized with the Yoast SEO plugin v27.4 - https:\/\/yoast.com\/product\/yoast-seo-wordpress\/ -->\n<title>Abogado de Lesiones para Ni\u00f1os y Menores | Walla Walla, WA<\/title>\n<meta name=\"description\" content=\"Si su hijo se lesion\u00f3 debido a la negligencia de otro en Washington o Oregon, llame a Willis &amp; Toews para obtener ayuda en busca de recuperaci\u00f3n financiera.\" \/>\n<meta name=\"robots\" content=\"index, follow, max-snippet:-1, max-image-preview:large, max-video-preview:-1\" \/>\n<link rel=\"canonical\" href=\"https:\/\/willistoews.com\/es\/lesiones-personales\/lesiones-ninos-menores\/\" \/>\n<meta property=\"og:locale\" content=\"es_ES\" \/>\n<meta property=\"og:type\" content=\"article\" \/>\n<meta property=\"og:title\" content=\"Abogado de Lesiones para Ni\u00f1os y Menores | Walla Walla, WA\" \/>\n<meta property=\"og:description\" content=\"Si su hijo se lesion\u00f3 debido a la negligencia de otro en Washington o Oregon, llame a Willis &amp; Toews para obtener ayuda en busca de recuperaci\u00f3n financiera.\" \/>\n<meta property=\"og:url\" content=\"https:\/\/willistoews.com\/es\/lesiones-personales\/lesiones-ninos-menores\/\" \/>\n<meta property=\"og:site_name\" content=\"Willis &amp; Toews, PLLC\" \/>\n<meta property=\"article:publisher\" content=\"https:\/\/www.facebook.com\/Willis-Toews-PLLC-126516410737233\/\" \/>\n<meta property=\"article:modified_time\" content=\"2018-08-29T17:22:58+00:00\" \/>\n<meta name=\"twitter:card\" content=\"summary_large_image\" \/>\n<meta name=\"twitter:label1\" content=\"Tiempo de lectura\" \/>\n\t<meta name=\"twitter:data1\" content=\"5 minutos\" \/>\n<script type=\"application\/ld+json\" class=\"yoast-schema-graph\">{\"@context\":\"https:\\\/\\\/schema.org\",\"@graph\":[{\"@type\":\"WebPage\",\"@id\":\"https:\\\/\\\/willistoews.com\\\/es\\\/lesiones-personales\\\/lesiones-ninos-menores\\\/\",\"url\":\"https:\\\/\\\/willistoews.com\\\/es\\\/lesiones-personales\\\/lesiones-ninos-menores\\\/\",\"name\":\"Abogado de Lesiones para Ni\u00f1os y Menores | Walla Walla, WA\",\"isPartOf\":{\"@id\":\"https:\\\/\\\/willistoews.com\\\/es\\\/#website\"},\"datePublished\":\"2017-07-13T17:06:42+00:00\",\"dateModified\":\"2018-08-29T17:22:58+00:00\",\"description\":\"Si su hijo se lesion\u00f3 debido a la negligencia de otro en Washington o Oregon, llame a Willis & Toews para obtener ayuda en busca de recuperaci\u00f3n financiera.\",\"breadcrumb\":{\"@id\":\"https:\\\/\\\/willistoews.com\\\/es\\\/lesiones-personales\\\/lesiones-ninos-menores\\\/#breadcrumb\"},\"inLanguage\":\"es\",\"potentialAction\":[{\"@type\":\"ReadAction\",\"target\":[\"https:\\\/\\\/willistoews.com\\\/es\\\/lesiones-personales\\\/lesiones-ninos-menores\\\/\"]}]},{\"@type\":\"BreadcrumbList\",\"@id\":\"https:\\\/\\\/willistoews.com\\\/es\\\/lesiones-personales\\\/lesiones-ninos-menores\\\/#breadcrumb\",\"itemListElement\":[{\"@type\":\"ListItem\",\"position\":1,\"name\":\"Home\",\"item\":\"https:\\\/\\\/willistoews.com\\\/es\\\/\"},{\"@type\":\"ListItem\",\"position\":2,\"name\":\"Lesiones Personales\",\"item\":\"https:\\\/\\\/willistoews.com\\\/es\\\/lesiones-personales\\\/\"},{\"@type\":\"ListItem\",\"position\":3,\"name\":\"Lesiones a ni\u00f1os y menores\"}]},{\"@type\":\"WebSite\",\"@id\":\"https:\\\/\\\/willistoews.com\\\/es\\\/#website\",\"url\":\"https:\\\/\\\/willistoews.com\\\/es\\\/\",\"name\":\"Willis &amp; Toews, PLLC\",\"description\":\"Personal Injury Attorneys in Walla Walla, WA\",\"potentialAction\":[{\"@type\":\"SearchAction\",\"target\":{\"@type\":\"EntryPoint\",\"urlTemplate\":\"https:\\\/\\\/willistoews.com\\\/es\\\/?s={search_term_string}\"},\"query-input\":{\"@type\":\"PropertyValueSpecification\",\"valueRequired\":true,\"valueName\":\"search_term_string\"}}],\"inLanguage\":\"es\"}]}<\/script>\n<!-- \/ Yoast SEO plugin. -->","yoast_head_json":{"title":"Abogado de Lesiones para Ni\u00f1os y Menores | Walla Walla, WA","description":"Si su hijo se lesion\u00f3 debido a la negligencia de otro en Washington o Oregon, llame a Willis & Toews para obtener ayuda en busca de recuperaci\u00f3n financiera.","robots":{"index":"index","follow":"follow","max-snippet":"max-snippet:-1","max-image-preview":"max-image-preview:large","max-video-preview":"max-video-preview:-1"},"canonical":"https:\/\/willistoews.com\/es\/lesiones-personales\/lesiones-ninos-menores\/","og_locale":"es_ES","og_type":"article","og_title":"Abogado de Lesiones para Ni\u00f1os y Menores | Walla Walla, WA","og_description":"Si su hijo se lesion\u00f3 debido a la negligencia de otro en Washington o Oregon, llame a Willis & Toews para obtener ayuda en busca de recuperaci\u00f3n financiera.","og_url":"https:\/\/willistoews.com\/es\/lesiones-personales\/lesiones-ninos-menores\/","og_site_name":"Willis &amp; Toews, PLLC","article_publisher":"https:\/\/www.facebook.com\/Willis-Toews-PLLC-126516410737233\/","article_modified_time":"2018-08-29T17:22:58+00:00","twitter_card":"summary_large_image","twitter_misc":{"Tiempo de lectura":"5 minutos"},"schema":{"@context":"https:\/\/schema.org","@graph":[{"@type":"WebPage","@id":"https:\/\/willistoews.com\/es\/lesiones-personales\/lesiones-ninos-menores\/","url":"https:\/\/willistoews.com\/es\/lesiones-personales\/lesiones-ninos-menores\/","name":"Abogado de Lesiones para Ni\u00f1os y Menores | Walla Walla, WA","isPartOf":{"@id":"https:\/\/willistoews.com\/es\/#website"},"datePublished":"2017-07-13T17:06:42+00:00","dateModified":"2018-08-29T17:22:58+00:00","description":"Si su hijo se lesion\u00f3 debido a la negligencia de otro en Washington o Oregon, llame a Willis & Toews para obtener ayuda en busca de recuperaci\u00f3n financiera.","breadcrumb":{"@id":"https:\/\/willistoews.com\/es\/lesiones-personales\/lesiones-ninos-menores\/#breadcrumb"},"inLanguage":"es","potentialAction":[{"@type":"ReadAction","target":["https:\/\/willistoews.com\/es\/lesiones-personales\/lesiones-ninos-menores\/"]}]},{"@type":"BreadcrumbList","@id":"https:\/\/willistoews.com\/es\/lesiones-personales\/lesiones-ninos-menores\/#breadcrumb","itemListElement":[{"@type":"ListItem","position":1,"name":"Home","item":"https:\/\/willistoews.com\/es\/"},{"@type":"ListItem","position":2,"name":"Lesiones Personales","item":"https:\/\/willistoews.com\/es\/lesiones-personales\/"},{"@type":"ListItem","position":3,"name":"Lesiones a ni\u00f1os y menores"}]},{"@type":"WebSite","@id":"https:\/\/willistoews.com\/es\/#website","url":"https:\/\/willistoews.com\/es\/","name":"Willis &amp; Toews, PLLC","description":"Personal Injury Attorneys in Walla Walla, WA","potentialAction":[{"@type":"SearchAction","target":{"@type":"EntryPoint","urlTemplate":"https:\/\/willistoews.com\/es\/?s={search_term_string}"},"query-input":{"@type":"PropertyValueSpecification","valueRequired":true,"valueName":"search_term_string"}}],"inLanguage":"es"}]}},"_links":{"self":[{"href":"https:\/\/willistoews.com\/es\/wp-json\/wp\/v2\/pages\/1626","targetHints":{"allow":["GET"]}}],"collection":[{"href":"https:\/\/willistoews.com\/es\/wp-json\/wp\/v2\/pages"}],"about":[{"href":"https:\/\/willistoews.com\/es\/wp-json\/wp\/v2\/types\/page"}],"author":[{"embeddable":true,"href":"https:\/\/willistoews.com\/es\/wp-json\/wp\/v2\/users\/3"}],"replies":[{"embeddable":true,"href":"https:\/\/willistoews.com\/es\/wp-json\/wp\/v2\/comments?post=1626"}],"version-history":[{"count":0,"href":"https:\/\/willistoews.com\/es\/wp-json\/wp\/v2\/pages\/1626\/revisions"}],"up":[{"embeddable":true,"href":"https:\/\/willistoews.com\/es\/wp-json\/wp\/v2\/pages\/48"}],"wp:attachment":[{"href":"https:\/\/willistoews.com\/es\/wp-json\/wp\/v2\/media?parent=1626"}],"curies":[{"name":"wp","href":"https:\/\/api.w.org\/{rel}","templated":true}]}}