{"id":1432,"date":"2015-09-01T22:44:38","date_gmt":"2015-09-01T22:44:38","guid":{"rendered":"https:\/\/willistoews.com\/?page_id=1432"},"modified":"2023-07-03T00:40:20","modified_gmt":"2023-07-03T00:40:20","slug":"abogado-monte-a-willis","status":"publish","type":"page","link":"https:\/\/willistoews.com\/es\/abogado-monte-a-willis\/","title":{"rendered":"Abogado Monte A. Willis"},"content":{"rendered":"","protected":false},"excerpt":{"rendered":"","protected":false},"author":3,"featured_media":2124,"parent":0,"menu_order":0,"comment_status":"closed","ping_status":"closed","template":"attorney-page.php","meta":{"_acf_changed":false,"_genesis_hide_title":false,"_genesis_hide_breadcrumbs":false,"_genesis_hide_singular_image":false,"_genesis_hide_footer_widgets":false,"_genesis_custom_body_class":"","_genesis_custom_post_class":"","_genesis_layout":"","footnotes":""},"class_list":{"0":"post-1432","1":"page","2":"type-page","3":"status-publish","4":"has-post-thumbnail","6":"entry"},"acf":[],"yoast_head":"<!-- This site is optimized with the Yoast SEO plugin v27.3 - https:\/\/yoast.com\/product\/yoast-seo-wordpress\/ -->\n<title>Abogado Monte A. Willis | Walla Walla, WA | Willis &amp; Toews<\/title>\n<meta name=\"description\" content=\"Monte Willis es un abogado h\u00e1bil y experimentado, y est\u00e1 listo para tomar su caso de lesiones. Cont\u00e1ctelo hoy para una consulta.\" \/>\n<meta name=\"robots\" content=\"index, follow, max-snippet:-1, max-image-preview:large, max-video-preview:-1\" \/>\n<link rel=\"canonical\" href=\"https:\/\/willistoews.com\/es\/abogado-monte-a-willis\/\" \/>\n<meta property=\"og:locale\" content=\"es_ES\" \/>\n<meta property=\"og:type\" content=\"article\" \/>\n<meta property=\"og:title\" content=\"Abogado Monte A. Willis | Walla Walla, WA | Willis &amp; Toews\" \/>\n<meta property=\"og:description\" content=\"Monte Willis es un abogado h\u00e1bil y experimentado, y est\u00e1 listo para tomar su caso de lesiones. Cont\u00e1ctelo hoy para una consulta.\" \/>\n<meta property=\"og:url\" content=\"https:\/\/willistoews.com\/es\/abogado-monte-a-willis\/\" \/>\n<meta property=\"og:site_name\" content=\"Willis &amp; Toews, PLLC\" \/>\n<meta property=\"article:publisher\" content=\"https:\/\/www.facebook.com\/Willis-Toews-PLLC-126516410737233\/\" \/>\n<meta property=\"article:modified_time\" content=\"2023-07-03T00:40:20+00:00\" \/>\n<meta property=\"og:image\" content=\"https:\/\/willistoews.com\/wp-content\/uploads\/2019\/03\/monte-photo-edited-1.jpg\" \/>\n\t<meta property=\"og:image:width\" content=\"350\" \/>\n\t<meta property=\"og:image:height\" content=\"500\" \/>\n\t<meta property=\"og:image:type\" content=\"image\/jpeg\" \/>\n<meta name=\"twitter:card\" content=\"summary_large_image\" \/>\n<script type=\"application\/ld+json\" class=\"yoast-schema-graph\">{\"@context\":\"https:\\\/\\\/schema.org\",\"@graph\":[{\"@type\":\"WebPage\",\"@id\":\"https:\\\/\\\/willistoews.com\\\/es\\\/abogado-monte-a-willis\\\/\",\"url\":\"https:\\\/\\\/willistoews.com\\\/es\\\/abogado-monte-a-willis\\\/\",\"name\":\"Abogado Monte A. Willis | Walla Walla, WA | Willis & Toews\",\"isPartOf\":{\"@id\":\"https:\\\/\\\/willistoews.com\\\/es\\\/#website\"},\"primaryImageOfPage\":{\"@id\":\"https:\\\/\\\/willistoews.com\\\/es\\\/abogado-monte-a-willis\\\/#primaryimage\"},\"image\":{\"@id\":\"https:\\\/\\\/willistoews.com\\\/es\\\/abogado-monte-a-willis\\\/#primaryimage\"},\"thumbnailUrl\":\"https:\\\/\\\/willistoews.com\\\/wp-content\\\/uploads\\\/2019\\\/03\\\/monte-photo-edited-1.jpg\",\"datePublished\":\"2015-09-01T22:44:38+00:00\",\"dateModified\":\"2023-07-03T00:40:20+00:00\",\"description\":\"Monte Willis es un abogado h\u00e1bil y experimentado, y est\u00e1 listo para tomar su caso de lesiones. Cont\u00e1ctelo hoy para una consulta.\",\"breadcrumb\":{\"@id\":\"https:\\\/\\\/willistoews.com\\\/es\\\/abogado-monte-a-willis\\\/#breadcrumb\"},\"inLanguage\":\"es\",\"potentialAction\":[{\"@type\":\"ReadAction\",\"target\":[\"https:\\\/\\\/willistoews.com\\\/es\\\/abogado-monte-a-willis\\\/\"]}]},{\"@type\":\"ImageObject\",\"inLanguage\":\"es\",\"@id\":\"https:\\\/\\\/willistoews.com\\\/es\\\/abogado-monte-a-willis\\\/#primaryimage\",\"url\":\"https:\\\/\\\/willistoews.com\\\/wp-content\\\/uploads\\\/2019\\\/03\\\/monte-photo-edited-1.jpg\",\"contentUrl\":\"https:\\\/\\\/willistoews.com\\\/wp-content\\\/uploads\\\/2019\\\/03\\\/monte-photo-edited-1.jpg\",\"width\":350,\"height\":500,\"caption\":\"walla walla attorney monte willis\"},{\"@type\":\"BreadcrumbList\",\"@id\":\"https:\\\/\\\/willistoews.com\\\/es\\\/abogado-monte-a-willis\\\/#breadcrumb\",\"itemListElement\":[{\"@type\":\"ListItem\",\"position\":1,\"name\":\"Home\",\"item\":\"https:\\\/\\\/willistoews.com\\\/es\\\/\"},{\"@type\":\"ListItem\",\"position\":2,\"name\":\"Abogado Monte A. Willis\"}]},{\"@type\":\"WebSite\",\"@id\":\"https:\\\/\\\/willistoews.com\\\/es\\\/#website\",\"url\":\"https:\\\/\\\/willistoews.com\\\/es\\\/\",\"name\":\"Willis &amp; Toews, PLLC\",\"description\":\"Personal Injury Attorneys in Walla Walla, WA\",\"potentialAction\":[{\"@type\":\"SearchAction\",\"target\":{\"@type\":\"EntryPoint\",\"urlTemplate\":\"https:\\\/\\\/willistoews.com\\\/es\\\/?s={search_term_string}\"},\"query-input\":{\"@type\":\"PropertyValueSpecification\",\"valueRequired\":true,\"valueName\":\"search_term_string\"}}],\"inLanguage\":\"es\"}]}<\/script>\n<!-- \/ Yoast SEO plugin. -->","yoast_head_json":{"title":"Abogado Monte A. Willis | Walla Walla, WA | Willis & Toews","description":"Monte Willis es un abogado h\u00e1bil y experimentado, y est\u00e1 listo para tomar su caso de lesiones. Cont\u00e1ctelo hoy para una consulta.","robots":{"index":"index","follow":"follow","max-snippet":"max-snippet:-1","max-image-preview":"max-image-preview:large","max-video-preview":"max-video-preview:-1"},"canonical":"https:\/\/willistoews.com\/es\/abogado-monte-a-willis\/","og_locale":"es_ES","og_type":"article","og_title":"Abogado Monte A. Willis | Walla Walla, WA | Willis & Toews","og_description":"Monte Willis es un abogado h\u00e1bil y experimentado, y est\u00e1 listo para tomar su caso de lesiones. Cont\u00e1ctelo hoy para una consulta.","og_url":"https:\/\/willistoews.com\/es\/abogado-monte-a-willis\/","og_site_name":"Willis &amp; Toews, PLLC","article_publisher":"https:\/\/www.facebook.com\/Willis-Toews-PLLC-126516410737233\/","article_modified_time":"2023-07-03T00:40:20+00:00","og_image":[{"width":350,"height":500,"url":"https:\/\/willistoews.com\/wp-content\/uploads\/2019\/03\/monte-photo-edited-1.jpg","type":"image\/jpeg"}],"twitter_card":"summary_large_image","schema":{"@context":"https:\/\/schema.org","@graph":[{"@type":"WebPage","@id":"https:\/\/willistoews.com\/es\/abogado-monte-a-willis\/","url":"https:\/\/willistoews.com\/es\/abogado-monte-a-willis\/","name":"Abogado Monte A. Willis | Walla Walla, WA | Willis & Toews","isPartOf":{"@id":"https:\/\/willistoews.com\/es\/#website"},"primaryImageOfPage":{"@id":"https:\/\/willistoews.com\/es\/abogado-monte-a-willis\/#primaryimage"},"image":{"@id":"https:\/\/willistoews.com\/es\/abogado-monte-a-willis\/#primaryimage"},"thumbnailUrl":"https:\/\/willistoews.com\/wp-content\/uploads\/2019\/03\/monte-photo-edited-1.jpg","datePublished":"2015-09-01T22:44:38+00:00","dateModified":"2023-07-03T00:40:20+00:00","description":"Monte Willis es un abogado h\u00e1bil y experimentado, y est\u00e1 listo para tomar su caso de lesiones. Cont\u00e1ctelo hoy para una consulta.","breadcrumb":{"@id":"https:\/\/willistoews.com\/es\/abogado-monte-a-willis\/#breadcrumb"},"inLanguage":"es","potentialAction":[{"@type":"ReadAction","target":["https:\/\/willistoews.com\/es\/abogado-monte-a-willis\/"]}]},{"@type":"ImageObject","inLanguage":"es","@id":"https:\/\/willistoews.com\/es\/abogado-monte-a-willis\/#primaryimage","url":"https:\/\/willistoews.com\/wp-content\/uploads\/2019\/03\/monte-photo-edited-1.jpg","contentUrl":"https:\/\/willistoews.com\/wp-content\/uploads\/2019\/03\/monte-photo-edited-1.jpg","width":350,"height":500,"caption":"walla walla attorney monte willis"},{"@type":"BreadcrumbList","@id":"https:\/\/willistoews.com\/es\/abogado-monte-a-willis\/#breadcrumb","itemListElement":[{"@type":"ListItem","position":1,"name":"Home","item":"https:\/\/willistoews.com\/es\/"},{"@type":"ListItem","position":2,"name":"Abogado Monte A. Willis"}]},{"@type":"WebSite","@id":"https:\/\/willistoews.com\/es\/#website","url":"https:\/\/willistoews.com\/es\/","name":"Willis &amp; Toews, PLLC","description":"Personal Injury Attorneys in Walla Walla, WA","potentialAction":[{"@type":"SearchAction","target":{"@type":"EntryPoint","urlTemplate":"https:\/\/willistoews.com\/es\/?s={search_term_string}"},"query-input":{"@type":"PropertyValueSpecification","valueRequired":true,"valueName":"search_term_string"}}],"inLanguage":"es"}]}},"_links":{"self":[{"href":"https:\/\/willistoews.com\/es\/wp-json\/wp\/v2\/pages\/1432","targetHints":{"allow":["GET"]}}],"collection":[{"href":"https:\/\/willistoews.com\/es\/wp-json\/wp\/v2\/pages"}],"about":[{"href":"https:\/\/willistoews.com\/es\/wp-json\/wp\/v2\/types\/page"}],"author":[{"embeddable":true,"href":"https:\/\/willistoews.com\/es\/wp-json\/wp\/v2\/users\/3"}],"replies":[{"embeddable":true,"href":"https:\/\/willistoews.com\/es\/wp-json\/wp\/v2\/comments?post=1432"}],"version-history":[{"count":0,"href":"https:\/\/willistoews.com\/es\/wp-json\/wp\/v2\/pages\/1432\/revisions"}],"wp:featuredmedia":[{"embeddable":true,"href":"https:\/\/willistoews.com\/es\/wp-json\/wp\/v2\/media\/2124"}],"wp:attachment":[{"href":"https:\/\/willistoews.com\/es\/wp-json\/wp\/v2\/media?parent=1432"}],"curies":[{"name":"wp","href":"https:\/\/api.w.org\/{rel}","templated":true}]}}